{"id":1738,"date":"2013-02-14T10:21:24","date_gmt":"2013-02-14T10:21:24","guid":{"rendered":"http:\/\/localhost\/wordpress\/medicenter\/?page_id=6"},"modified":"2025-04-07T14:33:05","modified_gmt":"2025-04-07T14:33:05","slug":"blog","status":"publish","type":"page","link":"https:\/\/plus.com.uy\/?page_id=1738","title":{"rendered":"Novedades"},"content":{"rendered":"<p>[vc_row el_position=\u00bbfirst last\u00bb][vc_column width=\u00bb2\/3&#8243;]<ul class=\"blog clearfix page-margin-top\"><li class=\" post post-4944 type-post status-publish format-standard has-post-thumbnail hentry category-general\"><ul class=\"comment-box clearfix\"><li class=\"date clearfix animated-element animation-slideRight\">\n\t\t\t\t\t\t\t\t<div class=\"value\">AGOSTO 27, 2025<\/div>\n\t\t\t\t\t\t\t\t<div class=\"arrow-date\"><\/div>\n\t\t\t\t\t\t\t<\/li><li class=\"comments-number animated-element animation-slideUp duration-300 delay-500\">\t\t\t<a href=\"https:\/\/plus.com.uy\/?p=4944#respond\" title=\"0 COMMENTS\">0 COMMENTS<\/a>\n\t\t\t\t\t\t\t<\/li><\/ul><div class=\"post-content\"><a class=\"post-image\" href=\"https:\/\/plus.com.uy\/?p=4944\" title=\"Convenio con Ortopedia Uruguaya\"><span class=\"mc-preloader\"><\/span><img fetchpriority=\"high\" decoding=\"async\" width=\"670\" height=\"446\" src=\"https:\/\/plus.com.uy\/wp-content\/uploads\/2025\/08\/banner-web-670x446.jpg\" class=\"attachment-blog-post-thumb size-blog-post-thumb wp-post-image\" alt=\"Convenio con Ortopedia Uruguaya\" title=\"\" srcset=\"https:\/\/plus.com.uy\/wp-content\/uploads\/2025\/08\/banner-web-670x446.jpg 670w, https:\/\/plus.com.uy\/wp-content\/uploads\/2025\/08\/banner-web-300x200.jpg 300w, https:\/\/plus.com.uy\/wp-content\/uploads\/2025\/08\/banner-web-768x511.jpg 768w, https:\/\/plus.com.uy\/wp-content\/uploads\/2025\/08\/banner-web-600x400.jpg 600w, https:\/\/plus.com.uy\/wp-content\/uploads\/2025\/08\/banner-web-390x260.jpg 390w, https:\/\/plus.com.uy\/wp-content\/uploads\/2025\/08\/banner-web-285x190.jpg 285w, https:\/\/plus.com.uy\/wp-content\/uploads\/2025\/08\/banner-web.jpg 849w\" sizes=\"(max-width: 670px) 100vw, 670px\" loading=\"eager\" \/><\/a><h2 class=\"post-title\"><a href=\"https:\/\/plus.com.uy\/?p=4944\" title=\"Convenio con Ortopedia Uruguaya\">Convenio con Ortopedia Uruguaya<\/a><\/h2><p>\u00a0 \u00a0 A partir de la fecha los socios de Plus cuentan con un 15% de descuento en Ortopedia Uruguaya. \u00a0 \u00a0 \u00a0<\/p>\n<a title=\"Read more\" href=\"https:\/\/plus.com.uy\/?p=4944\" class=\"more template-arrow-horizontal-1-after\">Read more<\/a>\t\t<div class=\"post-footer clearfix\">\n\t\t\t\t\t\t\t\t<ul class=\"post-footer-details\"><li class=\"post-footer-author\">\n\t\t\t\t\t\t\t\t\t\tPlus Maldonado\n\t\t\t\t\t\t\t\t\t<\/li><li class=\"post-footer-category\">\n\t\t\t\t\t\t\t\t\t\t\t<a href=\"https:\/\/plus.com.uy\/?cat=4\" title=\"View all posts filed under General\">General<\/a>\n\t\t\t\t\t\t\t\t\t\t<\/li><\/ul><\/div><\/div><\/li><li class=\" post post-4929 type-post status-publish format-standard has-post-thumbnail hentry category-general\"><ul class=\"comment-box clearfix\"><li class=\"date clearfix animated-element animation-slideRight\">\n\t\t\t\t\t\t\t\t<div class=\"value\">SEPTIEMBRE 18, 2024<\/div>\n\t\t\t\t\t\t\t\t<div class=\"arrow-date\"><\/div>\n\t\t\t\t\t\t\t<\/li><li class=\"comments-number animated-element animation-slideUp duration-300 delay-500\">\t\t\t<a href=\"https:\/\/plus.com.uy\/?p=4929#respond\" title=\"0 COMMENTS\">0 COMMENTS<\/a>\n\t\t\t\t\t\t\t<\/li><\/ul><div class=\"post-content\"><a class=\"post-image\" href=\"https:\/\/plus.com.uy\/?p=4929\" title=\"Convenio con BENOIT Aud\u00edfonos\"><span class=\"mc-preloader\"><\/span><img decoding=\"async\" width=\"670\" height=\"446\" src=\"https:\/\/plus.com.uy\/wp-content\/uploads\/2024\/09\/LOGO-BENOIT-FONDO-BLANCO-Horizontal_Plan-de-travail-1-670x446.png\" class=\"attachment-blog-post-thumb size-blog-post-thumb wp-post-image\" alt=\"Convenio con BENOIT Aud\u00edfonos\" title=\"\" srcset=\"https:\/\/plus.com.uy\/wp-content\/uploads\/2024\/09\/LOGO-BENOIT-FONDO-BLANCO-Horizontal_Plan-de-travail-1-670x446.png 670w, https:\/\/plus.com.uy\/wp-content\/uploads\/2024\/09\/LOGO-BENOIT-FONDO-BLANCO-Horizontal_Plan-de-travail-1-600x400.png 600w, https:\/\/plus.com.uy\/wp-content\/uploads\/2024\/09\/LOGO-BENOIT-FONDO-BLANCO-Horizontal_Plan-de-travail-1-390x260.png 390w, https:\/\/plus.com.uy\/wp-content\/uploads\/2024\/09\/LOGO-BENOIT-FONDO-BLANCO-Horizontal_Plan-de-travail-1-285x190.png 285w\" sizes=\"(max-width: 670px) 100vw, 670px\" loading=\"eager\" \/><\/a><h2 class=\"post-title\"><a href=\"https:\/\/plus.com.uy\/?p=4929\" title=\"Convenio con BENOIT Aud\u00edfonos\">Convenio con BENOIT Aud\u00edfonos<\/a><\/h2><p>\u00a0 \u00a0 A ra\u00edz del nuevo convenio con BENOIT los socios de Plus acceden con descuentos especiales: 5% de descuento en aud\u00edfonos de gama b\u00e1sica, 10% en gama media y 15% en gama alta. \u00a0 Adem\u00e1s la prueba de aud\u00edfonos es sin costo. El servicio post venta es gratuito&#8230;<\/p>\n<a title=\"Read more\" href=\"https:\/\/plus.com.uy\/?p=4929\" class=\"more template-arrow-horizontal-1-after\">Read more<\/a>\t\t<div class=\"post-footer clearfix\">\n\t\t\t\t\t\t\t\t<ul class=\"post-footer-details\"><li class=\"post-footer-author\">\n\t\t\t\t\t\t\t\t\t\tPlus Maldonado\n\t\t\t\t\t\t\t\t\t<\/li><li class=\"post-footer-category\">\n\t\t\t\t\t\t\t\t\t\t\t<a href=\"https:\/\/plus.com.uy\/?cat=4\" title=\"View all posts filed under General\">General<\/a>\n\t\t\t\t\t\t\t\t\t\t<\/li><\/ul><\/div><\/div><\/li><li class=\" post post-4902 type-post status-publish format-standard has-post-thumbnail hentry category-general\"><ul class=\"comment-box clearfix\"><li class=\"date clearfix animated-element animation-slideRight\">\n\t\t\t\t\t\t\t\t<div class=\"value\">DICIEMBRE 23, 2021<\/div>\n\t\t\t\t\t\t\t\t<div class=\"arrow-date\"><\/div>\n\t\t\t\t\t\t\t<\/li><li class=\"comments-number animated-element animation-slideUp duration-300 delay-500\">\t\t\t<a href=\"https:\/\/plus.com.uy\/?p=4902#respond\" title=\"0 COMMENTS\">0 COMMENTS<\/a>\n\t\t\t\t\t\t\t<\/li><\/ul><div class=\"post-content\"><a class=\"post-image\" href=\"https:\/\/plus.com.uy\/?p=4902\" title=\"Inauguramos nuestro nuevo centro de calidad de vida : Vital\"><span class=\"mc-preloader\"><\/span><img decoding=\"async\" width=\"670\" height=\"446\" src=\"https:\/\/plus.com.uy\/wp-content\/uploads\/2021\/12\/webmin4-670x446.jpg\" class=\"attachment-blog-post-thumb size-blog-post-thumb wp-post-image\" alt=\"Inauguramos nuestro nuevo centro de calidad de vida : Vital\" title=\"\" srcset=\"https:\/\/plus.com.uy\/wp-content\/uploads\/2021\/12\/webmin4-670x446.jpg 670w, https:\/\/plus.com.uy\/wp-content\/uploads\/2021\/12\/webmin4-300x200.jpg 300w, https:\/\/plus.com.uy\/wp-content\/uploads\/2021\/12\/webmin4-768x511.jpg 768w, https:\/\/plus.com.uy\/wp-content\/uploads\/2021\/12\/webmin4-600x400.jpg 600w, https:\/\/plus.com.uy\/wp-content\/uploads\/2021\/12\/webmin4-390x260.jpg 390w, https:\/\/plus.com.uy\/wp-content\/uploads\/2021\/12\/webmin4-285x190.jpg 285w, https:\/\/plus.com.uy\/wp-content\/uploads\/2021\/12\/webmin4.jpg 849w\" sizes=\"(max-width: 670px) 100vw, 670px\" loading=\"eager\" \/><\/a><h2 class=\"post-title\"><a href=\"https:\/\/plus.com.uy\/?p=4902\" title=\"Inauguramos nuestro nuevo centro de calidad de vida : Vital\">Inauguramos nuestro nuevo centro de calidad de vida : Vital<\/a><\/h2><p>Inauguramos nuestro nuevo Centro de Calidad de Vida: Vital, en Sarand\u00ed entre Arturo Santana y Treinta y Tres. Las amplias y modernas instalaciones, equipadas con la \u00faltima tecnolog\u00eda, cuentan con todo lo necesario para hacer de nuestro centro un instrumento&#8230;<\/p>\n<a title=\"Read more\" href=\"https:\/\/plus.com.uy\/?p=4902\" class=\"more template-arrow-horizontal-1-after\">Read more<\/a>\t\t<div class=\"post-footer clearfix\">\n\t\t\t\t\t\t\t\t<ul class=\"post-footer-details\"><li class=\"post-footer-author\">\n\t\t\t\t\t\t\t\t\t\tPlus Maldonado\n\t\t\t\t\t\t\t\t\t<\/li><li class=\"post-footer-category\">\n\t\t\t\t\t\t\t\t\t\t\t<a href=\"https:\/\/plus.com.uy\/?cat=4\" title=\"View all posts filed under General\">General<\/a>\n\t\t\t\t\t\t\t\t\t\t<\/li><\/ul><\/div><\/div><\/li><li class=\" post post-4871 type-post status-publish format-standard has-post-thumbnail hentry category-general\"><ul class=\"comment-box clearfix\"><li class=\"date clearfix animated-element animation-slideRight\">\n\t\t\t\t\t\t\t\t<div class=\"value\">ENERO 28, 2021<\/div>\n\t\t\t\t\t\t\t\t<div class=\"arrow-date\"><\/div>\n\t\t\t\t\t\t\t<\/li><li class=\"comments-number animated-element animation-slideUp duration-300 delay-500\">\t\t\t<a href=\"https:\/\/plus.com.uy\/?p=4871#respond\" title=\"0 COMMENTS\">0 COMMENTS<\/a>\n\t\t\t\t\t\t\t<\/li><\/ul><div class=\"post-content\"><a class=\"post-image\" href=\"https:\/\/plus.com.uy\/?p=4871\" title=\"Medidas ante la Emergencia Sanitaria\"><span class=\"mc-preloader\"><\/span><img decoding=\"async\" width=\"670\" height=\"446\" src=\"https:\/\/plus.com.uy\/wp-content\/uploads\/2021\/01\/webminiCOVID-670x446.jpg\" class=\"attachment-blog-post-thumb size-blog-post-thumb wp-post-image\" alt=\"Medidas ante la Emergencia Sanitaria\" title=\"\" srcset=\"https:\/\/plus.com.uy\/wp-content\/uploads\/2021\/01\/webminiCOVID-670x446.jpg 670w, https:\/\/plus.com.uy\/wp-content\/uploads\/2021\/01\/webminiCOVID-300x200.jpg 300w, https:\/\/plus.com.uy\/wp-content\/uploads\/2021\/01\/webminiCOVID-768x511.jpg 768w, https:\/\/plus.com.uy\/wp-content\/uploads\/2021\/01\/webminiCOVID-600x400.jpg 600w, https:\/\/plus.com.uy\/wp-content\/uploads\/2021\/01\/webminiCOVID-390x260.jpg 390w, https:\/\/plus.com.uy\/wp-content\/uploads\/2021\/01\/webminiCOVID-285x190.jpg 285w, https:\/\/plus.com.uy\/wp-content\/uploads\/2021\/01\/webminiCOVID.jpg 849w\" sizes=\"(max-width: 670px) 100vw, 670px\" loading=\"eager\" \/><\/a><h2 class=\"post-title\"><a href=\"https:\/\/plus.com.uy\/?p=4871\" title=\"Medidas ante la Emergencia Sanitaria\">Medidas ante la Emergencia Sanitaria<\/a><\/h2><p>Esperamos que esta comunicaci\u00f3n te encuentre bien y atravesando de la mejor manera posible la crisis sanitaria que nos toca vivir. Nos comunicamos para compartirte que nuestra misi\u00f3n es brindar el mejor servicio de acompa\u00f1antes del pa\u00eds y hoy nos comprometemos&#8230;<\/p>\n<a title=\"Read more\" href=\"https:\/\/plus.com.uy\/?p=4871\" class=\"more template-arrow-horizontal-1-after\">Read more<\/a>\t\t<div class=\"post-footer clearfix\">\n\t\t\t\t\t\t\t\t<ul class=\"post-footer-details\"><li class=\"post-footer-author\">\n\t\t\t\t\t\t\t\t\t\tPlus Maldonado\n\t\t\t\t\t\t\t\t\t<\/li><li class=\"post-footer-category\">\n\t\t\t\t\t\t\t\t\t\t\t<a href=\"https:\/\/plus.com.uy\/?cat=4\" title=\"View all posts filed under General\">General<\/a>\n\t\t\t\t\t\t\t\t\t\t<\/li><\/ul><\/div><\/div><\/li><\/ul><ul class='pagination page-margin-top'><li class='selected'><span>1<\/span><\/li><li><a href='https:\/\/plus.com.uy\/index.php?rest_route=%2Fwp%2Fv2%2Fpages%2F1738&#038;paged=2'>2<\/a><\/li><\/ul>[\/vc_column][vc_column width=\u00bb1\/3&#8243;][vc_widget_sidebar sidebar_id=\u00bbsidebar-home-right-style-2&#8243;][\/vc_column][\/vc_row]<\/p>\n","protected":false},"excerpt":{"rendered":"<p>[vc_row el_position=\u00bbfirst last\u00bb][vc_column width=\u00bb2\/3&#8243;][\/vc_column][vc_column width=\u00bb1\/3&#8243;][vc_widget_sidebar sidebar_id=\u00bbsidebar-home-right-style-2&#8243;][\/vc_column][\/vc_row]<\/p>\n","protected":false},"author":1,"featured_media":0,"parent":0,"menu_order":0,"comment_status":"closed","ping_status":"closed","template":"template-blog.php","meta":{"footnotes":""},"class_list":["post-1738","page","type-page","status-publish","hentry"],"_links":{"self":[{"href":"https:\/\/plus.com.uy\/index.php?rest_route=\/wp\/v2\/pages\/1738","targetHints":{"allow":["GET"]}}],"collection":[{"href":"https:\/\/plus.com.uy\/index.php?rest_route=\/wp\/v2\/pages"}],"about":[{"href":"https:\/\/plus.com.uy\/index.php?rest_route=\/wp\/v2\/types\/page"}],"author":[{"embeddable":true,"href":"https:\/\/plus.com.uy\/index.php?rest_route=\/wp\/v2\/users\/1"}],"replies":[{"embeddable":true,"href":"https:\/\/plus.com.uy\/index.php?rest_route=%2Fwp%2Fv2%2Fcomments&post=1738"}],"version-history":[{"count":1,"href":"https:\/\/plus.com.uy\/index.php?rest_route=\/wp\/v2\/pages\/1738\/revisions"}],"predecessor-version":[{"id":4942,"href":"https:\/\/plus.com.uy\/index.php?rest_route=\/wp\/v2\/pages\/1738\/revisions\/4942"}],"wp:attachment":[{"href":"https:\/\/plus.com.uy\/index.php?rest_route=%2Fwp%2Fv2%2Fmedia&parent=1738"}],"curies":[{"name":"wp","href":"https:\/\/api.w.org\/{rel}","templated":true}]}}