{"id":4075,"date":"2017-09-09T19:46:04","date_gmt":"2017-09-09T19:46:04","guid":{"rendered":"http:\/\/plus.mjgrafica.com\/?page_id=4075"},"modified":"2023-07-05T14:41:29","modified_gmt":"2023-07-05T14:41:29","slug":"organizacion","status":"publish","type":"page","link":"https:\/\/plus.com.uy\/?page_id=4075","title":{"rendered":"Organizaci\u00f3n"},"content":{"rendered":"<p>[vc_row top_margin=\u00bbpage-margin-top\u00bb el_position=\u00bbfirst\u00bb][vc_column width=\u00bb1\/2&#8243;]<h2 class=\"box-header animation-slide\">Nuestra Historia<\/h2>[vc_column_text el_class=\u00bbno-margin description\u00bb]PLUS comenz\u00f3 sus actividades en la ciudad de Maldonado en agosto del 2011, con una propuesta innovadora avalada por a\u00f1os de experiencia, seriedad, responsabilidad y excelentes beneficios.<br \/>\nSu fundador trabaja en este rubro desde 1996, y toda su experiencia est\u00e1 volcada en esta propuesta, creada no solo para cubrir las necesidades de nuestros asociados de ser acompa\u00f1ados por personas calificadas en los momentos que m\u00e1s lo necesitan, sino que adem\u00e1s estamos enfocados en Mejorar la Calidad de Vida.<\/p>\n<p align=\"left\">Esto se logra a trav\u00e9s de la capacitaci\u00f3n permanente de nuestro personal y la incorporaci\u00f3n de las siguientes actividades (previa reserva)<\/p>\n<p>Nutricionistas<br \/>\nMasajistas<br \/>\nPsicologos<br \/>\nTai-Chi<br \/>\nYoga[\/vc_column_text][\/vc_column][vc_column width=\u00bb1\/2&#8243;][vc_empty_space height=\u00bb75px\u00bb]<div class=\"gallery-box small-slider hover-icons-off\"><ul class=\"image-carousel small_slider id-small_slider autoplay-1 pause_on_hover-1 scroll-1 effect-scroll easing-easeInOutQuint duration-750\"><li><img fetchpriority=\"high\" decoding=\"async\" width=\"600\" height=\"400\" src=\"https:\/\/plus.com.uy\/wp-content\/uploads\/2017\/09\/senior-care-600x400.jpg\" class=\"attachment-medicenter-gallery-image size-medicenter-gallery-image\" alt=\"\" srcset=\"https:\/\/plus.com.uy\/wp-content\/uploads\/2017\/09\/senior-care-600x400.jpg 600w, https:\/\/plus.com.uy\/wp-content\/uploads\/2017\/09\/senior-care-300x200.jpg 300w, https:\/\/plus.com.uy\/wp-content\/uploads\/2017\/09\/senior-care-768x511.jpg 768w, https:\/\/plus.com.uy\/wp-content\/uploads\/2017\/09\/senior-care-670x446.jpg 670w, https:\/\/plus.com.uy\/wp-content\/uploads\/2017\/09\/senior-care-390x260.jpg 390w, https:\/\/plus.com.uy\/wp-content\/uploads\/2017\/09\/senior-care-285x190.jpg 285w, https:\/\/plus.com.uy\/wp-content\/uploads\/2017\/09\/senior-care.jpg 849w\" sizes=\"(max-width: 600px) 100vw, 600px\" loading=\"eager\" \/><ul class=\"controls\">\n\t\t\t\t<li>\n\t\t\t\t\t<a href=\"http:\/\/plus.mjgrafica.com\/wp-content\/uploads\/2017\/09\/senior-care.jpg\" class=\"template-plus-2 fancybox open-lightbox\" rel=\"small_slider[small_slider]\"><\/a>\n\t\t\t\t<\/li>\n\t\t\t<\/ul>\n\t\t<\/li><li><img decoding=\"async\" width=\"600\" height=\"400\" src=\"https:\/\/plus.com.uy\/wp-content\/uploads\/2017\/09\/4-600x400.jpg\" class=\"attachment-medicenter-gallery-image size-medicenter-gallery-image\" alt=\"\" srcset=\"https:\/\/plus.com.uy\/wp-content\/uploads\/2017\/09\/4-600x400.jpg 600w, https:\/\/plus.com.uy\/wp-content\/uploads\/2017\/09\/4-670x446.jpg 670w, https:\/\/plus.com.uy\/wp-content\/uploads\/2017\/09\/4-390x260.jpg 390w, https:\/\/plus.com.uy\/wp-content\/uploads\/2017\/09\/4-285x190.jpg 285w\" sizes=\"(max-width: 600px) 100vw, 600px\" loading=\"eager\" \/><ul class=\"controls\">\n\t\t\t\t<li>\n\t\t\t\t\t<a href=\"http:\/\/plus.mjgrafica.com\/wp-content\/uploads\/2017\/09\/4.jpg\" class=\"template-plus-2 fancybox open-lightbox\" rel=\"small_slider[small_slider]\"><\/a>\n\t\t\t\t<\/li>\n\t\t\t<\/ul>\n\t\t<\/li><li><img decoding=\"async\" width=\"600\" height=\"400\" src=\"https:\/\/plus.com.uy\/wp-content\/uploads\/2017\/09\/senior-care-franchise-600x400.jpg\" class=\"attachment-medicenter-gallery-image size-medicenter-gallery-image\" alt=\"\" srcset=\"https:\/\/plus.com.uy\/wp-content\/uploads\/2017\/09\/senior-care-franchise-600x400.jpg 600w, https:\/\/plus.com.uy\/wp-content\/uploads\/2017\/09\/senior-care-franchise-300x199.jpg 300w, https:\/\/plus.com.uy\/wp-content\/uploads\/2017\/09\/senior-care-franchise-670x446.jpg 670w, https:\/\/plus.com.uy\/wp-content\/uploads\/2017\/09\/senior-care-franchise-390x260.jpg 390w, https:\/\/plus.com.uy\/wp-content\/uploads\/2017\/09\/senior-care-franchise-285x190.jpg 285w\" sizes=\"(max-width: 600px) 100vw, 600px\" loading=\"eager\" \/><ul class=\"controls\">\n\t\t\t\t<li>\n\t\t\t\t\t<a href=\"http:\/\/plus.mjgrafica.com\/wp-content\/uploads\/2017\/09\/senior-care-franchise.jpg\" class=\"template-plus-2 fancybox open-lightbox\" rel=\"small_slider[small_slider]\"><\/a>\n\t\t\t\t<\/li>\n\t\t\t<\/ul>\n\t\t<\/li><\/ul><\/div>[\/vc_column][\/vc_row][vc_row top_margin=\u00bbpage-margin-top\u00bb][vc_column width=\u00bb2\/3&#8243;]<h2 class=\"box-header animation-slide\">Lo que a ustedes le ofrecemos es:<\/h2>[vc_column_text el_class=\u00bbno-margin description\u00bb]Ser acompa\u00f1ados por el personal m\u00e1s capacitado del medio.<br \/>\nAtenci\u00f3n las 24 hrs. los 365 d\u00edas del a\u00f1o.<br \/>\nTel\u00e9fono de Guardia Permanente.<br \/>\nCoordinaciones de servicio en 4 hrs. m\u00e1ximo.<br \/>\nConvalecencia e Internaci\u00f3n Domiciliario.<br \/>\nCobertura en todas las capitales del Pa\u00eds.<br \/>\nVITAL (Centro de Calidad de Vida)<\/p>\n<p>En Plus asumimos nuestro rol con una profunda vocaci\u00f3n de servicio y el compromiso de ofrecer siempre lo mejor. Compromiso que nuestros funcionarios demuestran en todo momento.[\/vc_column_text][\/vc_column][vc_column width=\u00bb1\/3&#8243;]<h3 class=\"box-header animation-slide\">Red nacional de servicios de acompa\u00f1antes<\/h3>[vc_column_text el_class=\u00bbno-margin description\u00bb]<strong>EN ESTE MOMENTO TODO UN PAIS TE ESTA CUIDANDO!<br \/>\n<\/strong><br \/>\nPorque un grupo de organizaciones locales, con una estructura adaptada a cada localidad y un grupo humano profesional, te brinda atenci\u00f3n presonalizada en todas las capitales del pa\u00eds.<\/p>\n<p><img decoding=\"async\" class=\"alignnone wp-image-4483 \" src=\"http:\/\/plus.mjgrafica.com\/wp-content\/uploads\/2017\/09\/logo-UNIDOS.jpg\" alt=\"\" width=\"398\" height=\"167\" srcset=\"https:\/\/plus.com.uy\/wp-content\/uploads\/2017\/09\/logo-UNIDOS.jpg 1068w, https:\/\/plus.com.uy\/wp-content\/uploads\/2017\/09\/logo-UNIDOS-300x126.jpg 300w, https:\/\/plus.com.uy\/wp-content\/uploads\/2017\/09\/logo-UNIDOS-768x323.jpg 768w, https:\/\/plus.com.uy\/wp-content\/uploads\/2017\/09\/logo-UNIDOS-1024x431.jpg 1024w\" sizes=\"(max-width: 398px) 100vw, 398px\" \/><\/p>\n<p>&nbsp;[\/vc_column_text][\/vc_column][\/vc_row]<\/p>\n","protected":false},"excerpt":{"rendered":"<p>[vc_row top_margin=\u00bbpage-margin-top\u00bb el_position=\u00bbfirst\u00bb][vc_column width=\u00bb1\/2&#8243;][vc_column_text el_class=\u00bbno-margin description\u00bb]PLUS comenz\u00f3 sus actividades en la ciudad de Maldonado en agosto del 2011, con una propuesta innovadora avalada por a\u00f1os de experiencia, seriedad, responsabilidad y excelentes beneficios. Su fundador trabaja en este rubro desde 1996, y toda su experiencia est\u00e1 volcada en esta propuesta, creada no solo para cubrir las<\/p>\n","protected":false},"author":1,"featured_media":0,"parent":0,"menu_order":0,"comment_status":"open","ping_status":"open","template":"","meta":{"footnotes":""},"class_list":["post-4075","page","type-page","status-publish","hentry"],"_links":{"self":[{"href":"https:\/\/plus.com.uy\/index.php?rest_route=\/wp\/v2\/pages\/4075","targetHints":{"allow":["GET"]}}],"collection":[{"href":"https:\/\/plus.com.uy\/index.php?rest_route=\/wp\/v2\/pages"}],"about":[{"href":"https:\/\/plus.com.uy\/index.php?rest_route=\/wp\/v2\/types\/page"}],"author":[{"embeddable":true,"href":"https:\/\/plus.com.uy\/index.php?rest_route=\/wp\/v2\/users\/1"}],"replies":[{"embeddable":true,"href":"https:\/\/plus.com.uy\/index.php?rest_route=%2Fwp%2Fv2%2Fcomments&post=4075"}],"version-history":[{"count":2,"href":"https:\/\/plus.com.uy\/index.php?rest_route=\/wp\/v2\/pages\/4075\/revisions"}],"predecessor-version":[{"id":4922,"href":"https:\/\/plus.com.uy\/index.php?rest_route=\/wp\/v2\/pages\/4075\/revisions\/4922"}],"wp:attachment":[{"href":"https:\/\/plus.com.uy\/index.php?rest_route=%2Fwp%2Fv2%2Fmedia&parent=4075"}],"curies":[{"name":"wp","href":"https:\/\/api.w.org\/{rel}","templated":true}]}}