{"id":4292,"date":"2017-09-10T21:38:16","date_gmt":"2017-09-10T21:38:16","guid":{"rendered":"http:\/\/plus.mjgrafica.com\/?page_id=4292"},"modified":"2017-09-10T21:52:37","modified_gmt":"2017-09-10T21:52:37","slug":"psicologos","status":"publish","type":"page","link":"https:\/\/plus.com.uy\/?page_id=4292","title":{"rendered":"Psicologos"},"content":{"rendered":"<p>[vc_row][vc_column width=\u00bb1\/2&#8243;][vc_single_image image=\u00bb4100&#8243; img_size=\u00bbfull\u00bb][\/vc_column][vc_column width=\u00bb1\/2&#8243;][vc_column_text]La vejez puede ser una \u00e9poca de realizaci\u00f3n, de productividad y de la consolidaci\u00f3n de habilidades y conocimientos.<\/p>\n<p>Sin embargo, los recursos emocionales de esta etapa con frecuencia disminuyen debido a muchas crisis y tensiones acumuladas, a las que las personas deben enfrentarse y que pueden ser el detonador de alg\u00fan problema de salud mental.<br \/>\nAlgunos de estos retos pueden ser:<\/p>\n<p>-Vivir con una enfermedad cr\u00f3nico-degenerativa que obliga a modificar su independencia y formas de vida activa.<br \/>\n-La p\u00e9rdida de la pareja, de alg\u00fan amigo o de alg\u00fan miembro de la familia.<br \/>\n-Aislamiento y soledad.<br \/>\n-Un escaso ingreso econ\u00f3mico.<br \/>\n-Modificaci\u00f3n del lugar que ocupaba en la familia como pareja, l\u00edder o proveedor.<\/p>\n<p>[\/vc_column_text][\/vc_column][\/vc_row][vc_row][vc_column][vc_column_text]Las enfermedades mentales o emocionales pueden manifestarse de muchas maneras, por lo que en ocasiones es dif\u00edcil reconocerlas.<br \/>\nSe confunden con dolencias o enfermedades f\u00edsicas. Tambi\u00e9n pueden ser negadas por la familia y los amigos, o mal interpretadas como una parte normal del envejecimiento.<\/p>\n<p>En el centro de calidad de vida de PLUS, espec\u00edficamente en la unidad de Psicologia, nuestra Mision es contribuir con la salud y calidad de vida de cada persona.<\/p>\n<p>Nuestra Vision es convertirnos en facilitadores de cambio a trav\u00e9s de la informaci\u00f3n la transmisi\u00f3n de t\u00e9cnicas y herramientas para individuos y familias.[\/vc_column_text][\/vc_column][\/vc_row]<\/p>\n","protected":false},"excerpt":{"rendered":"<p>[vc_row][vc_column width=\u00bb1\/2&#8243;][vc_single_image image=\u00bb4100&#8243; img_size=\u00bbfull\u00bb][\/vc_column][vc_column width=\u00bb1\/2&#8243;][vc_column_text]La vejez puede ser una \u00e9poca de realizaci\u00f3n, de productividad y de la consolidaci\u00f3n de habilidades y conocimientos. Sin embargo, los recursos emocionales de esta etapa con frecuencia disminuyen debido a muchas crisis y tensiones acumuladas, a las que las personas deben enfrentarse y que pueden ser el detonador de alg\u00fan<\/p>\n","protected":false},"author":1,"featured_media":0,"parent":0,"menu_order":0,"comment_status":"closed","ping_status":"closed","template":"","meta":{"footnotes":""},"class_list":["post-4292","page","type-page","status-publish","hentry"],"_links":{"self":[{"href":"https:\/\/plus.com.uy\/index.php?rest_route=\/wp\/v2\/pages\/4292","targetHints":{"allow":["GET"]}}],"collection":[{"href":"https:\/\/plus.com.uy\/index.php?rest_route=\/wp\/v2\/pages"}],"about":[{"href":"https:\/\/plus.com.uy\/index.php?rest_route=\/wp\/v2\/types\/page"}],"author":[{"embeddable":true,"href":"https:\/\/plus.com.uy\/index.php?rest_route=\/wp\/v2\/users\/1"}],"replies":[{"embeddable":true,"href":"https:\/\/plus.com.uy\/index.php?rest_route=%2Fwp%2Fv2%2Fcomments&post=4292"}],"version-history":[{"count":0,"href":"https:\/\/plus.com.uy\/index.php?rest_route=\/wp\/v2\/pages\/4292\/revisions"}],"wp:attachment":[{"href":"https:\/\/plus.com.uy\/index.php?rest_route=%2Fwp%2Fv2%2Fmedia&parent=4292"}],"curies":[{"name":"wp","href":"https:\/\/api.w.org\/{rel}","templated":true}]}}