{"id":4297,"date":"2017-09-10T22:11:59","date_gmt":"2017-09-10T22:11:59","guid":{"rendered":"http:\/\/plus.mjgrafica.com\/?page_id=4297"},"modified":"2024-09-10T17:19:06","modified_gmt":"2024-09-10T17:19:06","slug":"reiki-yoga","status":"publish","type":"page","link":"https:\/\/plus.com.uy\/?page_id=4297","title":{"rendered":"Yoga"},"content":{"rendered":"<p>[vc_row][vc_column width=\u00bb1\/2&#8243;]<h3 class=\"box-header\">Reiki<\/h3>[vc_column_text]Reiki es una palabra japonesa que significa \u00abcanalizaci\u00f3n de la energ\u00eda universal\u00bb.<\/p>\n<p>Seg\u00fan esta filosof\u00eda todo en el mundo es energ\u00eda. Las cosas est\u00e1ticas son energ\u00eda densa, mientras que el movimiento es una energ\u00eda m\u00e1s sutil no tangible.<\/p>\n<p>En reiki se emplean las manos para transmitir esta energ\u00eda natural a la persona.<\/p>\n<p>Seg\u00fan sus practicantes, cuando hay una enfermedad o una disfunci\u00f3n con el reiki se puede desatar y liberar su causa, consigui\u00e9ndose la curaci\u00f3n.[\/vc_column_text][\/vc_column][vc_column width=\u00bb1\/2&#8243;][vc_single_image image=\u00bb4101&#8243; img_size=\u00bbfull\u00bb][\/vc_column][\/vc_row][vc_row][vc_column]<h3 class=\"box-header\">Yoga<\/h3>[vc_column_text]<\/p>\n<div class=\"font-1 pad-2\">\n<p>Yoga puede traducirse como \u201cesfuerzo\u201d o \u201cuni\u00f3n\u201d.<\/p>\n<\/div>\n<div class=\"extra-wrap\">\n<p>El concepto tiene dos grandes aplicaciones:<br \/>\nPor un lado, se trata del conjunto de disciplinas f\u00edsicas y mentales que se originaron en la India y que buscan alcanzar la perfecci\u00f3n espiritual y la uni\u00f3n con lo absoluto.<br \/>\nPor otra parte, el yoga est\u00e1 formado por las pr\u00e1cticas modernas que derivan de la mencionada tradici\u00f3n hind\u00fa y que promueven el dominio del cuerpo y una mayor capacidad de concentraci\u00f3n.<\/p>\n<p>La vida plena se alcanza a partir de:<br \/>\n&#8211; La satisfacci\u00f3n de las necesidades f\u00edsicas (con salud y actividades)<br \/>\n&#8211; Psicol\u00f3gicas (el acceso al conocimiento y al poder)<br \/>\n&#8211; Espirituales (la b\u00fasqueda de paz y felicidad).<br \/>\nAl satisfacer estas necesidades, el ser se encuentra en armon\u00eda.<\/p>\n<p>El Yoga En La Vida Cotidiana nos sirve para mantener en equilibrio nuestro cuerpo, nos hace mas flexibles, hace que los \u00f3rganos funcionen en sincron\u00eda con el cuerpo humano, alinea nuestra columna vertebral, es la filosofia de la vida, mantiene nuestra vida en equilibrio y sobre todo nos mantiene serenos ante alg\u00fan problema.<\/p>\n<\/div>\n<p>[\/vc_column_text][\/vc_column][\/vc_row]<\/p>\n","protected":false},"excerpt":{"rendered":"<p>[vc_row][vc_column width=\u00bb1\/2&#8243;][vc_column_text]Reiki es una palabra japonesa que significa \u00abcanalizaci\u00f3n de la energ\u00eda universal\u00bb. Seg\u00fan esta filosof\u00eda todo en el mundo es energ\u00eda. Las cosas est\u00e1ticas son energ\u00eda densa, mientras que el movimiento es una energ\u00eda m\u00e1s sutil no tangible. En reiki se emplean las manos para transmitir esta energ\u00eda natural a la persona. Seg\u00fan sus<\/p>\n","protected":false},"author":1,"featured_media":0,"parent":0,"menu_order":0,"comment_status":"closed","ping_status":"closed","template":"","meta":{"footnotes":""},"class_list":["post-4297","page","type-page","status-publish","hentry"],"_links":{"self":[{"href":"https:\/\/plus.com.uy\/index.php?rest_route=\/wp\/v2\/pages\/4297","targetHints":{"allow":["GET"]}}],"collection":[{"href":"https:\/\/plus.com.uy\/index.php?rest_route=\/wp\/v2\/pages"}],"about":[{"href":"https:\/\/plus.com.uy\/index.php?rest_route=\/wp\/v2\/types\/page"}],"author":[{"embeddable":true,"href":"https:\/\/plus.com.uy\/index.php?rest_route=\/wp\/v2\/users\/1"}],"replies":[{"embeddable":true,"href":"https:\/\/plus.com.uy\/index.php?rest_route=%2Fwp%2Fv2%2Fcomments&post=4297"}],"version-history":[{"count":1,"href":"https:\/\/plus.com.uy\/index.php?rest_route=\/wp\/v2\/pages\/4297\/revisions"}],"predecessor-version":[{"id":4926,"href":"https:\/\/plus.com.uy\/index.php?rest_route=\/wp\/v2\/pages\/4297\/revisions\/4926"}],"wp:attachment":[{"href":"https:\/\/plus.com.uy\/index.php?rest_route=%2Fwp%2Fv2%2Fmedia&parent=4297"}],"curies":[{"name":"wp","href":"https:\/\/api.w.org\/{rel}","templated":true}]}}