{"id":4300,"date":"2017-09-10T23:01:58","date_gmt":"2017-09-10T23:01:58","guid":{"rendered":"http:\/\/plus.mjgrafica.com\/?page_id=4300"},"modified":"2017-09-10T23:09:54","modified_gmt":"2017-09-10T23:09:54","slug":"masajista","status":"publish","type":"page","link":"https:\/\/plus.com.uy\/?page_id=4300","title":{"rendered":"Masajista"},"content":{"rendered":"<p>[vc_row][vc_column width=\u00bb1\/2&#8243;][vc_column_text]El masaje puede considerarse como una t\u00e9cnica, un arte o hasta una ciencia, ya que implica cuestiones biol\u00f3gicas, m\u00e9dicas, psicol\u00f3gicas y de otros \u00e1mbitos.<\/p>\n<p>Se considera que los masajes pueden ayudar a la relajaci\u00f3n muscular, a aliviar dolores y a inducir el sue\u00f1o.<\/p>\n<p>Los masajes pueden cumplir con m\u00faltiples funciones.<br \/>\n-Hay masajes terap\u00e9uticos, que mejoran la circulaci\u00f3n, contribuyen a recuperar la movilidad y reducen las dolencias.<br \/>\n-Masajes Fisiol\u00f3gicos, alivian el cansancio.<br \/>\n-Masajes relajantes, brindan confort y regulan la tensi\u00f3n.<br \/>\n-Masajes Preventivos, relajan una zona tensa que puede derivar en una lesi\u00f3n, etc.[\/vc_column_text][\/vc_column][vc_column width=\u00bb1\/2&#8243;][vc_single_image image=\u00bb4106&#8243; img_size=\u00bbfull\u00bb][\/vc_column][\/vc_row]<\/p>\n","protected":false},"excerpt":{"rendered":"<p>[vc_row][vc_column width=\u00bb1\/2&#8243;][vc_column_text]El masaje puede considerarse como una t\u00e9cnica, un arte o hasta una ciencia, ya que implica cuestiones biol\u00f3gicas, m\u00e9dicas, psicol\u00f3gicas y de otros \u00e1mbitos. Se considera que los masajes pueden ayudar a la relajaci\u00f3n muscular, a aliviar dolores y a inducir el sue\u00f1o. Los masajes pueden cumplir con m\u00faltiples funciones. -Hay masajes terap\u00e9uticos, que<\/p>\n","protected":false},"author":1,"featured_media":0,"parent":0,"menu_order":0,"comment_status":"closed","ping_status":"closed","template":"","meta":{"footnotes":""},"class_list":["post-4300","page","type-page","status-publish","hentry"],"_links":{"self":[{"href":"https:\/\/plus.com.uy\/index.php?rest_route=\/wp\/v2\/pages\/4300","targetHints":{"allow":["GET"]}}],"collection":[{"href":"https:\/\/plus.com.uy\/index.php?rest_route=\/wp\/v2\/pages"}],"about":[{"href":"https:\/\/plus.com.uy\/index.php?rest_route=\/wp\/v2\/types\/page"}],"author":[{"embeddable":true,"href":"https:\/\/plus.com.uy\/index.php?rest_route=\/wp\/v2\/users\/1"}],"replies":[{"embeddable":true,"href":"https:\/\/plus.com.uy\/index.php?rest_route=%2Fwp%2Fv2%2Fcomments&post=4300"}],"version-history":[{"count":0,"href":"https:\/\/plus.com.uy\/index.php?rest_route=\/wp\/v2\/pages\/4300\/revisions"}],"wp:attachment":[{"href":"https:\/\/plus.com.uy\/index.php?rest_route=%2Fwp%2Fv2%2Fmedia&parent=4300"}],"curies":[{"name":"wp","href":"https:\/\/api.w.org\/{rel}","templated":true}]}}