{"id":4459,"date":"2017-09-28T17:10:47","date_gmt":"2017-09-28T17:10:47","guid":{"rendered":"http:\/\/plus.mjgrafica.com\/?page_id=4459"},"modified":"2017-09-28T17:29:29","modified_gmt":"2017-09-28T17:29:29","slug":"plus-odontologico-3","status":"publish","type":"page","link":"https:\/\/plus.com.uy\/?page_id=4459","title":{"rendered":"Plus Odontol\u00f3gico"},"content":{"rendered":"<p>[vc_row][vc_column width=\u00bb1\/2&#8243;][vc_single_image image=\u00bb4454&#8243; img_size=\u00bbfull\u00bb][\/vc_column][vc_column width=\u00bb1\/2&#8243;][vc_empty_space]<h3 class=\"box-header\">Nuestra Propuesta<\/h3>[vc_column_text]<strong>2<\/strong> Controles anuales gratuitos.<br \/>\nCertificaciones gratuitas de aptitud odontol\u00f3gica para carnet de salud, ficha m\u00e9dica, deportes de alto riesgo, y otros certificados.<br \/>\n<strong>2<\/strong> Limpiezas dentales anual gratis ( limpieza de sarro y profilaxis).<br \/>\n<strong>1<\/strong> Sesi\u00f3n de mantenimiento anual para pr\u00f3tesis (reajuste, pulido) gratis<br \/>\n<strong>1<\/strong> Extracci\u00f3n simple anual gratis.<br \/>\nLos dem\u00e1s tratamientos odontol\u00f3gicos con importantes descuentos[\/vc_column_text][\/vc_column][\/vc_row]<\/p>\n","protected":false},"excerpt":{"rendered":"<p>[vc_row][vc_column width=\u00bb1\/2&#8243;][vc_single_image image=\u00bb4454&#8243; img_size=\u00bbfull\u00bb][\/vc_column][vc_column width=\u00bb1\/2&#8243;][vc_empty_space][vc_column_text]2 Controles anuales gratuitos. Certificaciones gratuitas de aptitud odontol\u00f3gica para carnet de salud, ficha m\u00e9dica, deportes de alto riesgo, y otros certificados. 2 Limpiezas dentales anual gratis ( limpieza de sarro y profilaxis). 1 Sesi\u00f3n de mantenimiento anual para pr\u00f3tesis (reajuste, pulido) gratis 1 Extracci\u00f3n simple anual gratis. Los dem\u00e1s tratamientos<\/p>\n","protected":false},"author":1,"featured_media":0,"parent":0,"menu_order":0,"comment_status":"closed","ping_status":"closed","template":"","meta":{"footnotes":""},"class_list":["post-4459","page","type-page","status-publish","hentry"],"_links":{"self":[{"href":"https:\/\/plus.com.uy\/index.php?rest_route=\/wp\/v2\/pages\/4459","targetHints":{"allow":["GET"]}}],"collection":[{"href":"https:\/\/plus.com.uy\/index.php?rest_route=\/wp\/v2\/pages"}],"about":[{"href":"https:\/\/plus.com.uy\/index.php?rest_route=\/wp\/v2\/types\/page"}],"author":[{"embeddable":true,"href":"https:\/\/plus.com.uy\/index.php?rest_route=\/wp\/v2\/users\/1"}],"replies":[{"embeddable":true,"href":"https:\/\/plus.com.uy\/index.php?rest_route=%2Fwp%2Fv2%2Fcomments&post=4459"}],"version-history":[{"count":0,"href":"https:\/\/plus.com.uy\/index.php?rest_route=\/wp\/v2\/pages\/4459\/revisions"}],"wp:attachment":[{"href":"https:\/\/plus.com.uy\/index.php?rest_route=%2Fwp%2Fv2%2Fmedia&parent=4459"}],"curies":[{"name":"wp","href":"https:\/\/api.w.org\/{rel}","templated":true}]}}