{"id":4467,"date":"2017-09-28T17:24:55","date_gmt":"2017-09-28T17:24:55","guid":{"rendered":"http:\/\/plus.mjgrafica.com\/?page_id=4467"},"modified":"2017-10-31T05:46:52","modified_gmt":"2017-10-31T05:46:52","slug":"plus-enfermeria","status":"publish","type":"page","link":"https:\/\/plus.com.uy\/?page_id=4467","title":{"rendered":"Plus Enfermeria"},"content":{"rendered":"<p>[vc_row][vc_column width=\u00bb1\/2&#8243;][vc_single_image image=\u00bb4468&#8243; img_size=\u00bbfull\u00bb][\/vc_column][vc_column width=\u00bb1\/2&#8243;][vc_empty_space]<h3 class=\"box-header\">Nuestra Propuesta<\/h3>[vc_column_text]2 Curaciones simples gratis al a\u00f1o.<br \/>\nLos dem\u00e1s servicios de enfermer\u00eda con importantes descuentos[\/vc_column_text][\/vc_column][\/vc_row]<\/p>\n","protected":false},"excerpt":{"rendered":"<p>[vc_row][vc_column width=\u00bb1\/2&#8243;][vc_single_image image=\u00bb4468&#8243; img_size=\u00bbfull\u00bb][\/vc_column][vc_column width=\u00bb1\/2&#8243;][vc_empty_space][vc_column_text]2 Curaciones simples gratis al a\u00f1o. Los dem\u00e1s servicios de enfermer\u00eda con importantes descuentos[\/vc_column_text][\/vc_column][\/vc_row]<\/p>\n","protected":false},"author":1,"featured_media":0,"parent":0,"menu_order":0,"comment_status":"closed","ping_status":"closed","template":"","meta":{"footnotes":""},"class_list":["post-4467","page","type-page","status-publish","hentry"],"_links":{"self":[{"href":"https:\/\/plus.com.uy\/index.php?rest_route=\/wp\/v2\/pages\/4467","targetHints":{"allow":["GET"]}}],"collection":[{"href":"https:\/\/plus.com.uy\/index.php?rest_route=\/wp\/v2\/pages"}],"about":[{"href":"https:\/\/plus.com.uy\/index.php?rest_route=\/wp\/v2\/types\/page"}],"author":[{"embeddable":true,"href":"https:\/\/plus.com.uy\/index.php?rest_route=\/wp\/v2\/users\/1"}],"replies":[{"embeddable":true,"href":"https:\/\/plus.com.uy\/index.php?rest_route=%2Fwp%2Fv2%2Fcomments&post=4467"}],"version-history":[{"count":0,"href":"https:\/\/plus.com.uy\/index.php?rest_route=\/wp\/v2\/pages\/4467\/revisions"}],"wp:attachment":[{"href":"https:\/\/plus.com.uy\/index.php?rest_route=%2Fwp%2Fv2%2Fmedia&parent=4467"}],"curies":[{"name":"wp","href":"https:\/\/api.w.org\/{rel}","templated":true}]}}