{"id":4479,"date":"2017-09-28T17:39:35","date_gmt":"2017-09-28T17:39:35","guid":{"rendered":"http:\/\/plus.mjgrafica.com\/?page_id=4479"},"modified":"2023-07-05T14:44:39","modified_gmt":"2023-07-05T14:44:39","slug":"unidos","status":"publish","type":"page","link":"https:\/\/plus.com.uy\/?page_id=4479","title":{"rendered":"Unidos"},"content":{"rendered":"<p>[vc_row top_margin=\u00bbpage-margin-top\u00bb el_position=\u00bbfirst\u00bb][vc_column width=\u00bb1\/2&#8243;]<h2 class=\"box-header animation-slide\">Acerca de UNIDOS<\/h2>[vc_column_text el_class=\u00bbno-margin description\u00bb]La RED Nacional de Servicios de Acompa\u00f1antes nace con clara vocaci\u00f3n de mejorar los servicios ofrecidos a nuestros afiliados, sus familias, y a las instituciones dedicadas a los servicios m\u00e9dicos. Somos el fruto de una actitud solidaria, de la asociaci\u00f3n de esfuerzos, de ideas, de ilusiones y de valores de miles afiliados que apoyan este proyecto com\u00fan.<\/p>\n<p>Nuestro emprendimiento naci\u00f3 hace ya once a\u00f1os en el marco de un programa de asistencia t\u00e9cnica del Banco Interamericano de Desarrollo, contamos con el apoyo dela C\u00e1mara de Industrias del Uruguay (CIU), y la Red PROPYMES\u2013GTZ, lo que asegura que esta alianza de empresas, cumplir\u00e1 con el fin de mejorar la calidad y eficiencia de los servicios que brindan.<\/p>\n<p>\u201cHemos elegidos la palabra RED porque la misma hace alusi\u00f3n a la alianza establecida y representa la uni\u00f3n y esfuerzo realizado por estas empresas del interior\u201d[\/vc_column_text][\/vc_column][vc_column width=\u00bb1\/2&#8243;][vc_empty_space height=\u00bb75px\u00bb]<div class=\"gallery-box small-slider hover-icons-off\"><ul class=\"image-carousel small_slider id-small_slider autoplay-1 pause_on_hover-1 scroll-1 effect-scroll easing-easeInOutQuint duration-750\"><li><img fetchpriority=\"high\" decoding=\"async\" width=\"600\" height=\"400\" src=\"https:\/\/plus.com.uy\/wp-content\/uploads\/2017\/09\/happyseniorcouple-600x400.jpg\" class=\"attachment-medicenter-gallery-image size-medicenter-gallery-image\" alt=\"\" srcset=\"https:\/\/plus.com.uy\/wp-content\/uploads\/2017\/09\/happyseniorcouple-600x400.jpg 600w, https:\/\/plus.com.uy\/wp-content\/uploads\/2017\/09\/happyseniorcouple-300x200.jpg 300w, https:\/\/plus.com.uy\/wp-content\/uploads\/2017\/09\/happyseniorcouple-768x512.jpg 768w, https:\/\/plus.com.uy\/wp-content\/uploads\/2017\/09\/happyseniorcouple-1024x682.jpg 1024w, https:\/\/plus.com.uy\/wp-content\/uploads\/2017\/09\/happyseniorcouple-670x446.jpg 670w, https:\/\/plus.com.uy\/wp-content\/uploads\/2017\/09\/happyseniorcouple-390x260.jpg 390w, https:\/\/plus.com.uy\/wp-content\/uploads\/2017\/09\/happyseniorcouple-285x190.jpg 285w\" sizes=\"(max-width: 600px) 100vw, 600px\" loading=\"eager\" \/><ul class=\"controls\">\n\t\t\t\t<li>\n\t\t\t\t\t<a href=\"http:\/\/plus.mjgrafica.com\/wp-content\/uploads\/2017\/09\/happyseniorcouple.jpg\" class=\"template-plus-2 fancybox open-lightbox\" rel=\"small_slider[small_slider]\"><\/a>\n\t\t\t\t<\/li>\n\t\t\t<\/ul>\n\t\t<\/li><li><img decoding=\"async\" width=\"600\" height=\"400\" src=\"https:\/\/plus.com.uy\/wp-content\/uploads\/2017\/09\/senior-lady-with-caregiver-600x400.jpg\" class=\"attachment-medicenter-gallery-image size-medicenter-gallery-image\" alt=\"\" srcset=\"https:\/\/plus.com.uy\/wp-content\/uploads\/2017\/09\/senior-lady-with-caregiver-600x400.jpg 600w, https:\/\/plus.com.uy\/wp-content\/uploads\/2017\/09\/senior-lady-with-caregiver-670x446.jpg 670w, https:\/\/plus.com.uy\/wp-content\/uploads\/2017\/09\/senior-lady-with-caregiver-390x260.jpg 390w, https:\/\/plus.com.uy\/wp-content\/uploads\/2017\/09\/senior-lady-with-caregiver-285x190.jpg 285w\" sizes=\"(max-width: 600px) 100vw, 600px\" loading=\"eager\" \/><ul class=\"controls\">\n\t\t\t\t<li>\n\t\t\t\t\t<a href=\"http:\/\/plus.mjgrafica.com\/wp-content\/uploads\/2017\/09\/senior-lady-with-caregiver.jpg\" class=\"template-plus-2 fancybox open-lightbox\" rel=\"small_slider[small_slider]\"><\/a>\n\t\t\t\t<\/li>\n\t\t\t<\/ul>\n\t\t<\/li><li><img decoding=\"async\" width=\"600\" height=\"400\" src=\"https:\/\/plus.com.uy\/wp-content\/uploads\/2017\/09\/senior-600x400.jpg\" class=\"attachment-medicenter-gallery-image size-medicenter-gallery-image\" alt=\"\" srcset=\"https:\/\/plus.com.uy\/wp-content\/uploads\/2017\/09\/senior-600x400.jpg 600w, https:\/\/plus.com.uy\/wp-content\/uploads\/2017\/09\/senior-300x200.jpg 300w, https:\/\/plus.com.uy\/wp-content\/uploads\/2017\/09\/senior-768x512.jpg 768w, https:\/\/plus.com.uy\/wp-content\/uploads\/2017\/09\/senior.jpg 1000w, https:\/\/plus.com.uy\/wp-content\/uploads\/2017\/09\/senior-670x446.jpg 670w, https:\/\/plus.com.uy\/wp-content\/uploads\/2017\/09\/senior-390x260.jpg 390w, https:\/\/plus.com.uy\/wp-content\/uploads\/2017\/09\/senior-285x190.jpg 285w\" sizes=\"(max-width: 600px) 100vw, 600px\" loading=\"eager\" \/><ul class=\"controls\">\n\t\t\t\t<li>\n\t\t\t\t\t<a href=\"http:\/\/plus.mjgrafica.com\/wp-content\/uploads\/2017\/09\/senior.jpg\" class=\"template-plus-2 fancybox open-lightbox\" rel=\"small_slider[small_slider]\"><\/a>\n\t\t\t\t<\/li>\n\t\t\t<\/ul>\n\t\t<\/li><\/ul><\/div>[\/vc_column][\/vc_row][vc_row top_margin=\u00bbpage-margin-top\u00bb][vc_column][vc_column_text el_class=\u00bbno-margin description\u00bb]La especificidad y complejidad requeridas a los Servicios de Compa\u00f1\u00eda y a sus organizaciones nos han\u00a0 convertido a trav\u00e9s de los a\u00f1os, en aut\u00e9nticos profesionales; la experiencia adquirida en miles\u00a0de servicios brindados, nos ha orientado en esta nueva direcci\u00f3n, donde incorporamos a los valiosos contenidos individuales, un concepto grupal de planificaci\u00f3n, organizaci\u00f3n y gesti\u00f3n de servicios, el que aplicamos en el cuidado de nuestros afiliados en atenci\u00f3n hospitalaria primaria o especializada; p\u00fablica o privada.[\/vc_column_text][vc_separator el_position=\u00bbfirst last\u00bb][\/vc_column][\/vc_row][vc_row top_margin=\u00bbpage-margin-top\u00bb][vc_column width=\u00bb2\/3&#8243;]<h2 class=\"box-header animation-slide\">Cobertura Nacional de Servicios:<\/h2>[vc_column_text el_class=\u00bbno-margin description\u00bb]En este nuevo emprendimiento mejoramos nuestros servicios, ofreciendo\u00a0 \u201cCobertura Nacional de Servicios\u201d, manteniendo siempre nuestra personalizaci\u00f3n, calidez y diferenciaci\u00f3n en el cuidado, rasgos estos que sabemos generan el m\u00e1s alto \u00edndice de satisfacci\u00f3n entre nuestros Afiliados.<\/p>\n<p>Buscamos a trav\u00e9s dela RED, ser generadores de\u00a0 salud al promover la calidad de vida y el bienestar; actuamos en base a un claro compromiso con nuestro Afiliado: aseguramos que le proporcionaremos el mejor servicio de compa\u00f1\u00eda; en cualquier momento que lo requiera y en donde sea necesario.<\/p>\n<p>El cumplimiento de este compromiso requiere que empresarialmente seamos serios y confiables, que demos la respuesta esperada y fundamentalmente que esto ocurra SIEMPRE.[\/vc_column_text][\/vc_column][vc_column width=\u00bb1\/3&#8243;]<h3 class=\"box-header animation-slide\">Red nacional de servicios de acompa\u00f1antes<\/h3>[vc_column_text el_class=\u00bbno-margin description\u00bb]<strong>EN ESTE MOMENTO TODO UN PAIS TE ESTA CUIDANDO!<br \/>\n<\/strong><br \/>\nPorque un grupo de organizaciones locales, con una estructura adaptada a cada localidad y un grupo humano profesional, te brinda atenci\u00f3n presonalizada en todas las capitales del pa\u00eds.<\/p>\n<p><img decoding=\"async\" class=\"alignnone wp-image-4483 \" src=\"http:\/\/plus.mjgrafica.com\/wp-content\/uploads\/2017\/09\/logo-UNIDOS.jpg\" alt=\"\" width=\"336\" height=\"141\" srcset=\"https:\/\/plus.com.uy\/wp-content\/uploads\/2017\/09\/logo-UNIDOS.jpg 1068w, https:\/\/plus.com.uy\/wp-content\/uploads\/2017\/09\/logo-UNIDOS-300x126.jpg 300w, https:\/\/plus.com.uy\/wp-content\/uploads\/2017\/09\/logo-UNIDOS-768x323.jpg 768w, https:\/\/plus.com.uy\/wp-content\/uploads\/2017\/09\/logo-UNIDOS-1024x431.jpg 1024w\" sizes=\"(max-width: 336px) 100vw, 336px\" \/><\/p>\n<p>&nbsp;[\/vc_column_text][\/vc_column][\/vc_row]<\/p>\n","protected":false},"excerpt":{"rendered":"<p>[vc_row top_margin=\u00bbpage-margin-top\u00bb el_position=\u00bbfirst\u00bb][vc_column width=\u00bb1\/2&#8243;][vc_column_text el_class=\u00bbno-margin description\u00bb]La RED Nacional de Servicios de Acompa\u00f1antes nace con clara vocaci\u00f3n de mejorar los servicios ofrecidos a nuestros afiliados, sus familias, y a las instituciones dedicadas a los servicios m\u00e9dicos. Somos el fruto de una actitud solidaria, de la asociaci\u00f3n de esfuerzos, de ideas, de ilusiones y de valores de<\/p>\n","protected":false},"author":1,"featured_media":0,"parent":0,"menu_order":0,"comment_status":"open","ping_status":"open","template":"","meta":{"footnotes":""},"class_list":["post-4479","page","type-page","status-publish","hentry"],"_links":{"self":[{"href":"https:\/\/plus.com.uy\/index.php?rest_route=\/wp\/v2\/pages\/4479","targetHints":{"allow":["GET"]}}],"collection":[{"href":"https:\/\/plus.com.uy\/index.php?rest_route=\/wp\/v2\/pages"}],"about":[{"href":"https:\/\/plus.com.uy\/index.php?rest_route=\/wp\/v2\/types\/page"}],"author":[{"embeddable":true,"href":"https:\/\/plus.com.uy\/index.php?rest_route=\/wp\/v2\/users\/1"}],"replies":[{"embeddable":true,"href":"https:\/\/plus.com.uy\/index.php?rest_route=%2Fwp%2Fv2%2Fcomments&post=4479"}],"version-history":[{"count":1,"href":"https:\/\/plus.com.uy\/index.php?rest_route=\/wp\/v2\/pages\/4479\/revisions"}],"predecessor-version":[{"id":4923,"href":"https:\/\/plus.com.uy\/index.php?rest_route=\/wp\/v2\/pages\/4479\/revisions\/4923"}],"wp:attachment":[{"href":"https:\/\/plus.com.uy\/index.php?rest_route=%2Fwp%2Fv2%2Fmedia&parent=4479"}],"curies":[{"name":"wp","href":"https:\/\/api.w.org\/{rel}","templated":true}]}}