{"id":4630,"date":"2018-04-14T17:56:57","date_gmt":"2018-04-14T17:56:57","guid":{"rendered":"http:\/\/plus.com.uy\/?page_id=4630"},"modified":"2025-08-27T17:32:54","modified_gmt":"2025-08-27T17:32:54","slug":"plus-acompanantes","status":"publish","type":"page","link":"https:\/\/plus.com.uy\/","title":{"rendered":"Plus Acompa\u00f1antes"},"content":{"rendered":"<p>[vc_row type=\u00bbfull-width\u00bb][vc_column][rev_slider_vc alias=\u00bbhome2&#8243; mc_navigation=\u00bb0&#8243;][\/vc_column][\/vc_row][vc_row top_margin=\u00bbpage-margin-top\u00bb el_position=\u00bbfirst\u00bb][vc_column]<ul class=\"mc-gallery gallery-4-columns dm_simple\"><li class=\"gallery-box gallery-box-1 hover-icons-off\" id=\"gallery-item-compania-en-domicilio-especial\"><span class=\"mc-preloader\"><\/span><img fetchpriority=\"high\" decoding=\"async\" width=\"285\" height=\"190\" src=\"https:\/\/plus.com.uy\/wp-content\/uploads\/2017\/09\/compan\u0303iaDomicilioEspecial-285x190.jpg\" class=\"mc-preload wp-post-image\" alt=\"Compa\u00f1\u00eda en domicilio especial\" title=\"\" srcset=\"https:\/\/plus.com.uy\/wp-content\/uploads\/2017\/09\/compan\u0303iaDomicilioEspecial-285x190.jpg 285w, https:\/\/plus.com.uy\/wp-content\/uploads\/2017\/09\/compan\u0303iaDomicilioEspecial-300x200.jpg 300w, https:\/\/plus.com.uy\/wp-content\/uploads\/2017\/09\/compan\u0303iaDomicilioEspecial-390x260.jpg 390w, https:\/\/plus.com.uy\/wp-content\/uploads\/2017\/09\/compan\u0303iaDomicilioEspecial.jpg 507w\" sizes=\"(max-width: 285px) 100vw, 285px\" loading=\"eager\" \/>\n\t\t\t\t\t\t<div class=\"description\">\n\t\t\t\t\t\t\t<h4>Compa\u00f1\u00eda en domicilio especial<\/h4>\n\t\t\t\t\t\t\t<h5><\/h5>\n\t\t\t\t\t\t<\/div>\n\t\t\t\t\t\t<ul class=\"controls\"><li><a href=\"http:\/\/plus.com.uy\/?page_id=2751\" class=\"template-plus-2 fancybox-url open-url-lightbox\" rel=\"mcgallery\"><\/a>\n\t\t\t\t\t<\/li><\/ul><\/li><li class=\"gallery-box gallery-box-2 hover-icons-off\" id=\"gallery-item-home\"><span class=\"mc-preloader\"><\/span><img decoding=\"async\" width=\"285\" height=\"190\" src=\"https:\/\/plus.com.uy\/wp-content\/uploads\/2017\/09\/companiaInternacion-2-285x190.jpg\" class=\"mc-preload wp-post-image\" alt=\"Compa\u00f1\u00eda en internaci\u00f3n\" title=\"\" srcset=\"https:\/\/plus.com.uy\/wp-content\/uploads\/2017\/09\/companiaInternacion-2-285x190.jpg 285w, https:\/\/plus.com.uy\/wp-content\/uploads\/2017\/09\/companiaInternacion-2-300x200.jpg 300w, https:\/\/plus.com.uy\/wp-content\/uploads\/2017\/09\/companiaInternacion-2-390x260.jpg 390w, https:\/\/plus.com.uy\/wp-content\/uploads\/2017\/09\/companiaInternacion-2.jpg 506w\" sizes=\"(max-width: 285px) 100vw, 285px\" loading=\"eager\" \/>\n\t\t\t\t\t\t<div class=\"description\">\n\t\t\t\t\t\t\t<h4>Compa\u00f1\u00eda en internaci\u00f3n<\/h4>\n\t\t\t\t\t\t\t<h5><\/h5>\n\t\t\t\t\t\t<\/div>\n\t\t\t\t\t\t<ul class=\"controls\"><li><a href=\"http:\/\/plus.com.uy\/?page_id=2751\" class=\"template-plus-2 fancybox-url open-url-lightbox\" rel=\"mcgallery\"><\/a>\n\t\t\t\t\t<\/li><\/ul><\/li><li class=\"gallery-box gallery-box-3 hover-icons-off\" id=\"gallery-item-convalecencia\"><span class=\"mc-preloader\"><\/span><img decoding=\"async\" width=\"285\" height=\"190\" src=\"https:\/\/plus.com.uy\/wp-content\/uploads\/2017\/09\/convalecencia-285x190.jpg\" class=\"mc-preload wp-post-image\" alt=\"Convalecencia\" title=\"\" srcset=\"https:\/\/plus.com.uy\/wp-content\/uploads\/2017\/09\/convalecencia-285x190.jpg 285w, https:\/\/plus.com.uy\/wp-content\/uploads\/2017\/09\/convalecencia-670x446.jpg 670w, https:\/\/plus.com.uy\/wp-content\/uploads\/2017\/09\/convalecencia-600x400.jpg 600w, https:\/\/plus.com.uy\/wp-content\/uploads\/2017\/09\/convalecencia-390x260.jpg 390w\" sizes=\"(max-width: 285px) 100vw, 285px\" loading=\"eager\" \/>\n\t\t\t\t\t\t<div class=\"description\">\n\t\t\t\t\t\t\t<h4>Convalecencia<\/h4>\n\t\t\t\t\t\t\t<h5><\/h5>\n\t\t\t\t\t\t<\/div>\n\t\t\t\t\t\t<ul class=\"controls\"><li><a href=\"http:\/\/plus.com.uy\/?page_id=2751\" class=\"template-plus-2 fancybox-url open-url-lightbox\" rel=\"mcgallery\"><\/a>\n\t\t\t\t\t<\/li><\/ul><\/li><li class=\"gallery-box gallery-box-4 hover-icons-off\" id=\"gallery-item-internacion-domiciliaria\"><span class=\"mc-preloader\"><\/span><img decoding=\"async\" width=\"285\" height=\"190\" src=\"https:\/\/plus.com.uy\/wp-content\/uploads\/2017\/09\/internacio\u0301nDomiciliaria-285x190.jpg\" class=\"mc-preload wp-post-image\" alt=\"Internaci\u00f3n domiciliaria\" title=\"\" srcset=\"https:\/\/plus.com.uy\/wp-content\/uploads\/2017\/09\/internacio\u0301nDomiciliaria-285x190.jpg 285w, https:\/\/plus.com.uy\/wp-content\/uploads\/2017\/09\/internacio\u0301nDomiciliaria-300x200.jpg 300w, https:\/\/plus.com.uy\/wp-content\/uploads\/2017\/09\/internacio\u0301nDomiciliaria-390x260.jpg 390w, https:\/\/plus.com.uy\/wp-content\/uploads\/2017\/09\/internacio\u0301nDomiciliaria.jpg 600w\" sizes=\"(max-width: 285px) 100vw, 285px\" loading=\"eager\" \/>\n\t\t\t\t\t\t<div class=\"description\">\n\t\t\t\t\t\t\t<h4>Internaci\u00f3n domiciliaria<\/h4>\n\t\t\t\t\t\t\t<h5><\/h5>\n\t\t\t\t\t\t<\/div>\n\t\t\t\t\t\t<ul class=\"controls\"><li><a href=\"http:\/\/plus.com.uy\/?page_id=2751\" class=\"template-plus-2 fancybox-url open-url-lightbox\" rel=\"mcgallery\"><\/a>\n\t\t\t\t\t<\/li><\/ul><\/li><li class=\"gallery-box gallery-box-5 hover-icons-off\" id=\"gallery-item-plus-enfermeria\"><span class=\"mc-preloader\"><\/span><img decoding=\"async\" width=\"285\" height=\"190\" src=\"https:\/\/plus.com.uy\/wp-content\/uploads\/2017\/09\/enfermeria-285x190.jpg\" class=\"mc-preload wp-post-image\" alt=\"Plus enfermer\u00eda\" title=\"\" srcset=\"https:\/\/plus.com.uy\/wp-content\/uploads\/2017\/09\/enfermeria-285x190.jpg 285w, https:\/\/plus.com.uy\/wp-content\/uploads\/2017\/09\/enfermeria-600x400.jpg 600w, https:\/\/plus.com.uy\/wp-content\/uploads\/2017\/09\/enfermeria-390x260.jpg 390w\" sizes=\"(max-width: 285px) 100vw, 285px\" loading=\"eager\" \/>\n\t\t\t\t\t\t<div class=\"description\">\n\t\t\t\t\t\t\t<h4>Plus enfermer\u00eda<\/h4>\n\t\t\t\t\t\t\t<h5><\/h5>\n\t\t\t\t\t\t<\/div>\n\t\t\t\t\t\t<ul class=\"controls\"><li><a href=\"http:\/\/plus.com.uy\/?page_id=4467\" class=\"template-plus-2 fancybox-url open-url-lightbox\" rel=\"mcgallery\"><\/a>\n\t\t\t\t\t<\/li><\/ul><\/li><li class=\"gallery-box gallery-box-6 hover-icons-off\" id=\"gallery-item-plus-traslados\"><span class=\"mc-preloader\"><\/span><img decoding=\"async\" width=\"285\" height=\"190\" src=\"https:\/\/plus.com.uy\/wp-content\/uploads\/2017\/09\/San-Diego-Senior-Care-Transportation-2-285x190.jpg\" class=\"mc-preload wp-post-image\" alt=\"Plus traslados\" title=\"\" srcset=\"https:\/\/plus.com.uy\/wp-content\/uploads\/2017\/09\/San-Diego-Senior-Care-Transportation-2-285x190.jpg 285w, https:\/\/plus.com.uy\/wp-content\/uploads\/2017\/09\/San-Diego-Senior-Care-Transportation-2-390x260.jpg 390w\" sizes=\"(max-width: 285px) 100vw, 285px\" loading=\"eager\" \/>\n\t\t\t\t\t\t<div class=\"description\">\n\t\t\t\t\t\t\t<h4>Plus traslados<\/h4>\n\t\t\t\t\t\t\t<h5><\/h5>\n\t\t\t\t\t\t<\/div>\n\t\t\t\t\t\t<ul class=\"controls\"><li><a href=\"http:\/\/plus.com.uy\/?page_id=4463\" class=\"template-plus-2 fancybox-url open-url-lightbox\" rel=\"mcgallery\"><\/a>\n\t\t\t\t\t<\/li><\/ul><\/li><li class=\"gallery-box gallery-box-7 hover-icons-off\" id=\"gallery-item-plus-vital\"><span class=\"mc-preloader\"><\/span><img decoding=\"async\" width=\"285\" height=\"190\" src=\"https:\/\/plus.com.uy\/wp-content\/uploads\/2017\/09\/vital-1-285x190.jpg\" class=\"mc-preload wp-post-image\" alt=\"Vital\" title=\"\" srcset=\"https:\/\/plus.com.uy\/wp-content\/uploads\/2017\/09\/vital-1-285x190.jpg 285w, https:\/\/plus.com.uy\/wp-content\/uploads\/2017\/09\/vital-1-300x200.jpg 300w, https:\/\/plus.com.uy\/wp-content\/uploads\/2017\/09\/vital-1-390x260.jpg 390w, https:\/\/plus.com.uy\/wp-content\/uploads\/2017\/09\/vital-1.jpg 450w\" sizes=\"(max-width: 285px) 100vw, 285px\" loading=\"eager\" \/>\n\t\t\t\t\t\t<div class=\"description\">\n\t\t\t\t\t\t\t<h4>Vital<\/h4>\n\t\t\t\t\t\t\t<h5><\/h5>\n\t\t\t\t\t\t<\/div>\n\t\t\t\t\t\t<ul class=\"controls\"><li><a href=\"https:\/\/www.vital.com.uy\" class=\"template-plus-2 fancybox-url open-url-lightbox\" rel=\"mcgallery\"><\/a>\n\t\t\t\t\t<\/li><\/ul><\/li><\/ul>[\/vc_column][\/vc_row][vc_row top_margin=\u00bbpage-margin-top\u00bb el_position=\u00bblast\u00bb][vc_column width=\u00bb2\/3&#8243;]<h3 class=\"box-header animation-slide\">De Nuestro Blog<\/h3><div class=\"columns clearfix layout-column\"><ul class=\"blog vc_col-sm-6 wpb_column vc_column_container\"><li class=\" post post-4929 type-post status-publish format-standard has-post-thumbnail hentry category-general\"><ul class=\"comment-box clearfix\"><li class=\"date animated-element animation-slideDown\">\n\t\t\t\t\t\t\t\t<div class=\"value\">SEPTIEMBRE 18, 2024<\/div>\n\t\t\t\t\t\t\t\t<div class=\"arrow-date\"><\/div>\n\t\t\t\t\t\t\t<\/li><li class=\"comments-number animated-element animation-slideLeft duration-300 delay-500\">\t\t\t<a href=\"https:\/\/plus.com.uy\/?p=4929#respond\" title=\"0 COMMENTS\">0<\/a>\n\t\t\t\t\t\t\t<\/li><\/ul><div class=\"post-content\"><a class=\"post-image\" href=\"https:\/\/plus.com.uy\/?p=4929\" title=\"Convenio con BENOIT Aud\u00edfonos\"><span class=\"mc-preloader\"><\/span><img decoding=\"async\" width=\"600\" height=\"400\" src=\"https:\/\/plus.com.uy\/wp-content\/uploads\/2024\/09\/LOGO-BENOIT-FONDO-BLANCO-Horizontal_Plan-de-travail-1-600x400.png\" class=\"attachment-medicenter-gallery-image size-medicenter-gallery-image wp-post-image\" alt=\"Convenio con BENOIT Aud\u00edfonos\" title=\"\" srcset=\"https:\/\/plus.com.uy\/wp-content\/uploads\/2024\/09\/LOGO-BENOIT-FONDO-BLANCO-Horizontal_Plan-de-travail-1-600x400.png 600w, https:\/\/plus.com.uy\/wp-content\/uploads\/2024\/09\/LOGO-BENOIT-FONDO-BLANCO-Horizontal_Plan-de-travail-1-670x446.png 670w, https:\/\/plus.com.uy\/wp-content\/uploads\/2024\/09\/LOGO-BENOIT-FONDO-BLANCO-Horizontal_Plan-de-travail-1-390x260.png 390w, https:\/\/plus.com.uy\/wp-content\/uploads\/2024\/09\/LOGO-BENOIT-FONDO-BLANCO-Horizontal_Plan-de-travail-1-285x190.png 285w\" sizes=\"(max-width: 600px) 100vw, 600px\" loading=\"eager\" \/><\/a><h2 class=\"post-title\"><a href=\"https:\/\/plus.com.uy\/?p=4929\" title=\"Convenio con BENOIT Aud\u00edfonos\">Convenio con BENOIT Aud\u00edfonos<\/a><\/h2><p>\u00a0 \u00a0 A ra\u00edz del nuevo convenio con BENOIT los socios de Plus acceden con descuentos especiales: 5% de descuento en aud\u00edfonos de gama b\u00e1sica, 10% en gama media y 15% en gama alta. \u00a0 Adem\u00e1s la prueba&#8230;<\/p>\n<a title=\"Read more\" href=\"https:\/\/plus.com.uy\/?p=4929\" class=\"more template-arrow-horizontal-1-after\">Read more<\/a>\t\t<div class=\"post-footer clearfix\">\n\t\t\t\t\t\t\t\t<ul class=\"post-footer-details\"><li class=\"post-footer-category\">\n\t\t\t\t\t\t\t\t\t\t\t<a href=\"https:\/\/plus.com.uy\/?cat=4\" title=\"View all posts filed under General\">General<\/a>\n\t\t\t\t\t\t\t\t\t\t<\/li><\/ul><\/div><\/div><\/li><\/ul><ul class=\"blog vc_col-sm-6 wpb_column vc_column_container\"><li class=\" post post-4944 type-post status-publish format-standard has-post-thumbnail hentry category-general\"><ul class=\"comment-box clearfix\"><li class=\"date animated-element animation-slideDown\">\n\t\t\t\t\t\t\t\t<div class=\"value\">AGOSTO 27, 2025<\/div>\n\t\t\t\t\t\t\t\t<div class=\"arrow-date\"><\/div>\n\t\t\t\t\t\t\t<\/li><li class=\"comments-number animated-element animation-slideLeft duration-300 delay-500\">\t\t\t<a href=\"https:\/\/plus.com.uy\/?p=4944#respond\" title=\"0 COMMENTS\">0<\/a>\n\t\t\t\t\t\t\t<\/li><\/ul><div class=\"post-content\"><a class=\"post-image\" href=\"https:\/\/plus.com.uy\/?p=4944\" title=\"Convenio con Ortopedia Uruguaya\"><span class=\"mc-preloader\"><\/span><img decoding=\"async\" width=\"600\" height=\"400\" src=\"https:\/\/plus.com.uy\/wp-content\/uploads\/2025\/08\/banner-web-600x400.jpg\" class=\"attachment-medicenter-gallery-image size-medicenter-gallery-image wp-post-image\" alt=\"Convenio con Ortopedia Uruguaya\" title=\"\" srcset=\"https:\/\/plus.com.uy\/wp-content\/uploads\/2025\/08\/banner-web-600x400.jpg 600w, https:\/\/plus.com.uy\/wp-content\/uploads\/2025\/08\/banner-web-300x200.jpg 300w, https:\/\/plus.com.uy\/wp-content\/uploads\/2025\/08\/banner-web-768x511.jpg 768w, https:\/\/plus.com.uy\/wp-content\/uploads\/2025\/08\/banner-web-670x446.jpg 670w, https:\/\/plus.com.uy\/wp-content\/uploads\/2025\/08\/banner-web-390x260.jpg 390w, https:\/\/plus.com.uy\/wp-content\/uploads\/2025\/08\/banner-web-285x190.jpg 285w, https:\/\/plus.com.uy\/wp-content\/uploads\/2025\/08\/banner-web.jpg 849w\" sizes=\"(max-width: 600px) 100vw, 600px\" loading=\"eager\" \/><\/a><h2 class=\"post-title\"><a href=\"https:\/\/plus.com.uy\/?p=4944\" title=\"Convenio con Ortopedia Uruguaya\">Convenio con Ortopedia Uruguaya<\/a><\/h2><p>\u00a0 \u00a0 A partir de la fecha los socios de Plus cuentan con un 15% de descuento en Ortopedia Uruguaya. \u00a0 \u00a0 \u00a0<\/p>\n<a title=\"Read more\" href=\"https:\/\/plus.com.uy\/?p=4944\" class=\"more template-arrow-horizontal-1-after\">Read more<\/a>\t\t<div class=\"post-footer clearfix\">\n\t\t\t\t\t\t\t\t<ul class=\"post-footer-details\"><li class=\"post-footer-category\">\n\t\t\t\t\t\t\t\t\t\t\t<a href=\"https:\/\/plus.com.uy\/?cat=4\" title=\"View all posts filed under General\">General<\/a>\n\t\t\t\t\t\t\t\t\t\t<\/li><\/ul><\/div><\/div><\/li><\/ul><\/div><div class=\"show-all clearfix\"><a class=\"template-arrow-horizontal-1-after\" href=\"http:\/\/plus.com.uy\/?page_id=1738\" title=\"Ver anteriores\">Ver anteriores<\/a><\/div>[\/vc_column][vc_column width=\u00bb1\/3&#8243;][vc_widget_sidebar sidebar_id=\u00bbsidebar-home-right-style-2&#8243; el_position=\u00bbfirst last\u00bb][\/vc_column][\/vc_row]<\/p>\n","protected":false},"excerpt":{"rendered":"<p>[vc_row type=\u00bbfull-width\u00bb][vc_column][rev_slider_vc alias=\u00bbhome2&#8243; mc_navigation=\u00bb0&#8243;][\/vc_column][\/vc_row][vc_row top_margin=\u00bbpage-margin-top\u00bb el_position=\u00bbfirst\u00bb][vc_column][\/vc_column][\/vc_row][vc_row top_margin=\u00bbpage-margin-top\u00bb el_position=\u00bblast\u00bb][vc_column width=\u00bb2\/3&#8243;][\/vc_column][vc_column width=\u00bb1\/3&#8243;][vc_widget_sidebar sidebar_id=\u00bbsidebar-home-right-style-2&#8243; el_position=\u00bbfirst last\u00bb][\/vc_column][\/vc_row]<\/p>\n","protected":false},"author":1,"featured_media":0,"parent":0,"menu_order":0,"comment_status":"open","ping_status":"closed","template":"template-default-without-breadcrumbs.php","meta":{"footnotes":""},"class_list":["post-4630","page","type-page","status-publish","hentry"],"_links":{"self":[{"href":"https:\/\/plus.com.uy\/index.php?rest_route=\/wp\/v2\/pages\/4630","targetHints":{"allow":["GET"]}}],"collection":[{"href":"https:\/\/plus.com.uy\/index.php?rest_route=\/wp\/v2\/pages"}],"about":[{"href":"https:\/\/plus.com.uy\/index.php?rest_route=\/wp\/v2\/types\/page"}],"author":[{"embeddable":true,"href":"https:\/\/plus.com.uy\/index.php?rest_route=\/wp\/v2\/users\/1"}],"replies":[{"embeddable":true,"href":"https:\/\/plus.com.uy\/index.php?rest_route=%2Fwp%2Fv2%2Fcomments&post=4630"}],"version-history":[{"count":10,"href":"https:\/\/plus.com.uy\/index.php?rest_route=\/wp\/v2\/pages\/4630\/revisions"}],"predecessor-version":[{"id":4953,"href":"https:\/\/plus.com.uy\/index.php?rest_route=\/wp\/v2\/pages\/4630\/revisions\/4953"}],"wp:attachment":[{"href":"https:\/\/plus.com.uy\/index.php?rest_route=%2Fwp%2Fv2%2Fmedia&parent=4630"}],"curies":[{"name":"wp","href":"https:\/\/api.w.org\/{rel}","templated":true}]}}