{"id":7,"date":"2013-02-14T10:21:37","date_gmt":"2013-02-14T10:21:37","guid":{"rendered":"http:\/\/localhost\/wordpress\/medicenter\/?page_id=7"},"modified":"2023-07-05T14:22:06","modified_gmt":"2023-07-05T14:22:06","slug":"about","status":"publish","type":"page","link":"https:\/\/plus.com.uy\/?page_id=7","title":{"rendered":"Empresa"},"content":{"rendered":"<p>[vc_row top_margin=\u00bbpage-margin-top\u00bb el_position=\u00bbfirst\u00bb][vc_column width=\u00bb1\/2&#8243;]<div class=\"gallery-box small-slider hover-icons-off\"><ul class=\"image-carousel small_slider id-small_slider autoplay-1 pause_on_hover-1 scroll-1 effect-scroll easing-easeInOutQuint duration-750\"><li><img fetchpriority=\"high\" decoding=\"async\" width=\"540\" height=\"400\" src=\"https:\/\/plus.com.uy\/wp-content\/uploads\/2020\/04\/oficina-afuera_00001.jpg\" class=\"attachment-medicenter-gallery-image size-medicenter-gallery-image\" alt=\"\" srcset=\"https:\/\/plus.com.uy\/wp-content\/uploads\/2020\/04\/oficina-afuera_00001.jpg 540w, https:\/\/plus.com.uy\/wp-content\/uploads\/2020\/04\/oficina-afuera_00001-300x222.jpg 300w\" sizes=\"(max-width: 540px) 100vw, 540px\" loading=\"eager\" \/><ul class=\"controls\">\n\t\t\t\t<li>\n\t\t\t\t\t<a href=\"http:\/\/plus.com.uy\/wp-content\/uploads\/2020\/04\/oficina-afuera_00001.jpg\" class=\"template-plus-2 fancybox open-lightbox\" rel=\"small_slider[small_slider]\"><\/a>\n\t\t\t\t<\/li>\n\t\t\t<\/ul>\n\t\t<\/li><li><img decoding=\"async\" width=\"540\" height=\"400\" src=\"https:\/\/plus.com.uy\/wp-content\/uploads\/2020\/04\/oficina-dentro_00001.jpg\" class=\"attachment-medicenter-gallery-image size-medicenter-gallery-image\" alt=\"\" srcset=\"https:\/\/plus.com.uy\/wp-content\/uploads\/2020\/04\/oficina-dentro_00001.jpg 540w, https:\/\/plus.com.uy\/wp-content\/uploads\/2020\/04\/oficina-dentro_00001-300x222.jpg 300w\" sizes=\"(max-width: 540px) 100vw, 540px\" loading=\"eager\" \/><ul class=\"controls\">\n\t\t\t\t<li>\n\t\t\t\t\t<a href=\"http:\/\/plus.com.uy\/wp-content\/uploads\/2020\/04\/oficina-dentro_00001.jpg\" class=\"template-plus-2 fancybox open-lightbox\" rel=\"small_slider[small_slider]\"><\/a>\n\t\t\t\t<\/li>\n\t\t\t<\/ul>\n\t\t<\/li><\/ul><\/div>[\/vc_column][vc_column width=\u00bb1\/2&#8243;]<h2 class=\"box-header animation-slide\">Sobre Nosotros<\/h2>[vc_column_text el_class=\u00bbno-margin description\u00bb]PLUS es una una empresa de Servicios de Compa\u00f1\u00eda en Sanatorio y Domicilio. Nuestra propuesta est\u00e1 concebida no solo para cubrir las necesidades de nuestros socios de ser acompa\u00f1ados por personas calificadas en los momentos que m\u00e1s lo necesitan, sino que adem\u00e1s estamos enfocados en Mejorar la Calidad de Vida de nuestros socios.<\/p>\n<p>Plus tiene una especial concepci\u00f3n de lo que significa cumplir con un servicio de compa\u00f1\u00eda.<br \/>\nAplicamos a nuestro accionar el Modelo de Mejora Continua considerando al cliente como el centro de nuestra organizaci\u00f3n y enfocando todos nuestros procesos para lograr su satisfacci\u00f3n.<\/p>\n<p>Apuntamos as\u00ed al \u00e9xito a largo plazo basados en relaciones estables fruct\u00edferas y comprometidas, con la participaci\u00f3n de toda la empresa en beneficio de los clientes, de la organizaci\u00f3n misma, de cada uno de sus miembros y de la sociedad.[\/vc_column_text][\/vc_column][\/vc_row][vc_row top_margin=\u00bbpage-margin-top\u00bb][vc_column][vc_separator el_position=\u00bbfirst last\u00bb][\/vc_column][\/vc_row][vc_row top_margin=\u00bbpage-margin-top\u00bb][vc_column width=\u00bb2\/3&#8243;]<h3 class=\"box-header animation-slide\">Misi\u00f3n<\/h3>[vc_column_text el_class=\u00bbno-margin description\u00bb]Es la b\u00fasqueda permanente de la excelencia en todas las \u00e1reas de la empresa, con la finalidad de lograr una mayor calidad de vida para el afiliado.[\/vc_column_text][vc_separator el_position=\u00bbfirst last\u00bb]<h3 class=\"box-header animation-slide\">Visi\u00f3n<\/h3>[vc_column_text el_class=\u00bbno-margin description\u00bb]Ser percibidos como referente a nivel nacional, por la calidad de nuestros servicios y por la innovaci\u00f3n permanente, logrando la satisfacci\u00f3n de nuestros clientes, de la organizaci\u00f3n, y de la sociedad.[\/vc_column_text][\/vc_column][vc_column width=\u00bb1\/3&#8243;]<h3 class=\"box-header animation-slide\">Red nacional de servicios de acompa\u00f1antes<\/h3>[vc_column_text el_class=\u00bbno-margin description\u00bb]<strong>EN ESTE MOMENTO TODO UN PAIS TE ESTA CUIDANDO!<br \/>\n<\/strong><br \/>\nPorque un grupo de organizaciones locales, con una estructura adaptada a cada localidad y un grupo humano profesional, te brinda atenci\u00f3n personalizada en todas las capitales del pa\u00eds.<\/p>\n<p><img decoding=\"async\" class=\"alignnone wp-image-4483 \" src=\"http:\/\/plus.mjgrafica.com\/wp-content\/uploads\/2017\/09\/logo-UNIDOS.jpg\" alt=\"\" width=\"448\" height=\"188\" srcset=\"https:\/\/plus.com.uy\/wp-content\/uploads\/2017\/09\/logo-UNIDOS.jpg 1068w, https:\/\/plus.com.uy\/wp-content\/uploads\/2017\/09\/logo-UNIDOS-300x126.jpg 300w, https:\/\/plus.com.uy\/wp-content\/uploads\/2017\/09\/logo-UNIDOS-768x323.jpg 768w, https:\/\/plus.com.uy\/wp-content\/uploads\/2017\/09\/logo-UNIDOS-1024x431.jpg 1024w\" sizes=\"(max-width: 448px) 100vw, 448px\" \/><\/p>\n<p>Nos unimos para cuidarte en todo el pa\u00eds.[\/vc_column_text][\/vc_column][\/vc_row]<\/p>\n","protected":false},"excerpt":{"rendered":"<p>[vc_row top_margin=\u00bbpage-margin-top\u00bb el_position=\u00bbfirst\u00bb][vc_column width=\u00bb1\/2&#8243;][\/vc_column][vc_column width=\u00bb1\/2&#8243;][vc_column_text el_class=\u00bbno-margin description\u00bb]PLUS es una una empresa de Servicios de Compa\u00f1\u00eda en Sanatorio y Domicilio. Nuestra propuesta est\u00e1 concebida no solo para cubrir las necesidades de nuestros socios de ser acompa\u00f1ados por personas calificadas en los momentos que m\u00e1s lo necesitan, sino que adem\u00e1s estamos enfocados en Mejorar la Calidad de<\/p>\n","protected":false},"author":1,"featured_media":0,"parent":0,"menu_order":0,"comment_status":"open","ping_status":"open","template":"","meta":{"footnotes":""},"class_list":["post-7","page","type-page","status-publish","hentry"],"_links":{"self":[{"href":"https:\/\/plus.com.uy\/index.php?rest_route=\/wp\/v2\/pages\/7","targetHints":{"allow":["GET"]}}],"collection":[{"href":"https:\/\/plus.com.uy\/index.php?rest_route=\/wp\/v2\/pages"}],"about":[{"href":"https:\/\/plus.com.uy\/index.php?rest_route=\/wp\/v2\/types\/page"}],"author":[{"embeddable":true,"href":"https:\/\/plus.com.uy\/index.php?rest_route=\/wp\/v2\/users\/1"}],"replies":[{"embeddable":true,"href":"https:\/\/plus.com.uy\/index.php?rest_route=%2Fwp%2Fv2%2Fcomments&post=7"}],"version-history":[{"count":1,"href":"https:\/\/plus.com.uy\/index.php?rest_route=\/wp\/v2\/pages\/7\/revisions"}],"predecessor-version":[{"id":4920,"href":"https:\/\/plus.com.uy\/index.php?rest_route=\/wp\/v2\/pages\/7\/revisions\/4920"}],"wp:attachment":[{"href":"https:\/\/plus.com.uy\/index.php?rest_route=%2Fwp%2Fv2%2Fmedia&parent=7"}],"curies":[{"name":"wp","href":"https:\/\/api.w.org\/{rel}","templated":true}]}}