{"id":932,"date":"2013-04-08T10:11:25","date_gmt":"2013-04-08T10:11:25","guid":{"rendered":"http:\/\/localhost\/wordpress\/medicenter\/?page_id=932"},"modified":"2017-10-31T04:43:43","modified_gmt":"2017-10-31T04:43:43","slug":"medical-care","status":"publish","type":"page","link":"https:\/\/plus.com.uy\/?page_id=932","title":{"rendered":"Calidad de Vida"},"content":{"rendered":"<p>[vc_row top_margin=\u00bbpage-margin-top\u00bb el_position=\u00bblast\u00bb][vc_column]<h3 class=\"box-header\">Centro de Calidad de Vida<\/h3>[vc_column_text]Un problema actual, es la lucha por una longevidad satisfactoria.<br \/>\nCon el objetivo de asegurar una vida m\u00e1s sana y prolongada, PLUS desarrolla un compromiso firme con el concepto de calidad de vida para brindarle m\u00e1s a\u00f1os con vida a nuestros adultos mayores garantizando una vejez digna y feliz.<\/p>\n<p>Plus cuenta con un Centro de Calidad de vida dedicado a brindar servicios que permitan a los Adultos Mayores llevar una vida m\u00e1s sana.<br \/>\nNuestros socios cuentan con atenci\u00f3n Psicol\u00f3gica, servicio de Nutrici\u00f3n, Yoga, Reiki , Masajes y Paseos Tur\u00edsticos.<br \/>\nDe este modo PLUS crea un nuevo arte de vivir la tercera edad, con calidad de vida, mediante un trato c\u00e1lido impregnado de respeto afecto y amor.[\/vc_column_text][\/vc_column][\/vc_row][vc_row top_margin=\u00bbpage-margin-top\u00bb el_position=\u00bblast\u00bb][vc_column]<div class=\"announcement clearfix vertical-align-table\">\n\t\t\t\t\t<ul class=\"vertical-align\">\n\t\t\t\t\t\t<li class=\"vertical-align-cell\"><h1>Obtenga una consulta gratuita, llame al (+598) 4224-5772<\/h1><p>Desarrollamos un compromiso firme con el concepto de calidad de vida<\/p>\n<\/li><li class=\"vertical-align-cell\">\n\t\t\t\t\t\t<a title=\"PONERSE EN CONTACTO\" href=\"tel:+59842246340\" class=\"more mc-button dark-color medium animated-element animation-slideLeft\">PONERSE EN CONTACTO<\/a>\n\t\t\t\t\t<\/li><\/ul>\n\t\t\t<\/div>[\/vc_column][\/vc_row][vc_row top_margin=\u00bbpage-margin-top\u00bb][vc_column]<div class=\"clearfix scrolling-controls\">\n\t\t\t<div class=\"header-left\"><h3 class=\"box-header animation-slide\">Medical Care<\/h3><\/div>\n\t\t\t<div class=\"header-right\"><a href=\"#\" id=\"carousel_prev\" class=\"scrolling-list-control-left template-arrow-horizontal-3\"><\/a><a href=\"#\" id=\"carousel_next\" class=\"scrolling-list-control-right template-arrow-horizontal-3\"><\/a><\/div><\/div>\n\t\t\t<ul class=\"mc-gallery horizontal-carousel carousel id-carousel autoplay-0 pause_on_hover-1 scroll-1 effect-none easing-swing duration-500\"><li class=\"gallery-box hover-icons-off\"><img fetchpriority=\"high\" decoding=\"async\" width=\"285\" height=\"190\" src=\"https:\/\/plus.com.uy\/wp-content\/uploads\/2013\/04\/asiantuntija-285x190.jpg\" class=\"attachment-medicenter-gallery-thumb-type-2 size-medicenter-gallery-thumb-type-2\" alt=\"\" srcset=\"https:\/\/plus.com.uy\/wp-content\/uploads\/2013\/04\/asiantuntija-285x190.jpg 285w, https:\/\/plus.com.uy\/wp-content\/uploads\/2013\/04\/asiantuntija-670x446.jpg 670w, https:\/\/plus.com.uy\/wp-content\/uploads\/2013\/04\/asiantuntija-600x400.jpg 600w, https:\/\/plus.com.uy\/wp-content\/uploads\/2013\/04\/asiantuntija-390x260.jpg 390w\" sizes=\"(max-width: 285px) 100vw, 285px\" loading=\"eager\" \/><div class=\"description\"><h4>Nutricionistas<\/h4><\/div><ul class=\"controls\">\n\t\t\t\t<li>\n\t\t\t\t\t<a target=\"_blank\" href=\"http:\/\/plus.mjgrafica.com\/?page_id=4285\" class=\"template-plus-2 fancybox-url open-url-lightbox\" rel=\"carousel\" title=\"Nutricionistas\"><\/a>\n\t\t\t\t<\/li>\n\t\t\t<\/ul>\n\t\t<\/li><li class=\"gallery-box hover-icons-off\"><img decoding=\"async\" width=\"285\" height=\"190\" src=\"https:\/\/plus.com.uy\/wp-content\/uploads\/2013\/04\/top-view-of-psychologist-writing-a-diagnosis_1098-2621-285x190.jpg\" class=\"attachment-medicenter-gallery-thumb-type-2 size-medicenter-gallery-thumb-type-2\" alt=\"\" srcset=\"https:\/\/plus.com.uy\/wp-content\/uploads\/2013\/04\/top-view-of-psychologist-writing-a-diagnosis_1098-2621-285x190.jpg 285w, https:\/\/plus.com.uy\/wp-content\/uploads\/2013\/04\/top-view-of-psychologist-writing-a-diagnosis_1098-2621-300x200.jpg 300w, https:\/\/plus.com.uy\/wp-content\/uploads\/2013\/04\/top-view-of-psychologist-writing-a-diagnosis_1098-2621-600x400.jpg 600w, https:\/\/plus.com.uy\/wp-content\/uploads\/2013\/04\/top-view-of-psychologist-writing-a-diagnosis_1098-2621-390x260.jpg 390w, https:\/\/plus.com.uy\/wp-content\/uploads\/2013\/04\/top-view-of-psychologist-writing-a-diagnosis_1098-2621.jpg 626w\" sizes=\"(max-width: 285px) 100vw, 285px\" loading=\"eager\" \/><div class=\"description\"><h4>Psicologos<\/h4><\/div><ul class=\"controls\">\n\t\t\t\t<li>\n\t\t\t\t\t<a target=\"_blank\" href=\"http:\/\/plus.mjgrafica.com\/?page_id=4292\" class=\"template-plus-2 fancybox-url open-url-lightbox\" rel=\"carousel\" title=\"Psicologos\"><\/a>\n\t\t\t\t<\/li>\n\t\t\t<\/ul>\n\t\t<\/li><li class=\"gallery-box hover-icons-off\"><img decoding=\"async\" width=\"285\" height=\"190\" src=\"https:\/\/plus.com.uy\/wp-content\/uploads\/2013\/04\/reiki-285x190.jpg\" class=\"attachment-medicenter-gallery-thumb-type-2 size-medicenter-gallery-thumb-type-2\" alt=\"\" srcset=\"https:\/\/plus.com.uy\/wp-content\/uploads\/2013\/04\/reiki-285x190.jpg 285w, https:\/\/plus.com.uy\/wp-content\/uploads\/2013\/04\/reiki-670x446.jpg 670w, https:\/\/plus.com.uy\/wp-content\/uploads\/2013\/04\/reiki-600x400.jpg 600w, https:\/\/plus.com.uy\/wp-content\/uploads\/2013\/04\/reiki-390x260.jpg 390w\" sizes=\"(max-width: 285px) 100vw, 285px\" loading=\"eager\" \/><div class=\"description\"><h4>Reiki \/ Yoga<\/h4><\/div><ul class=\"controls\">\n\t\t\t\t<li>\n\t\t\t\t\t<a target=\"_blank\" href=\"http:\/\/plus.mjgrafica.com\/?page_id=4297\" class=\"template-plus-2 fancybox-url open-url-lightbox\" rel=\"carousel\" title=\"Reiki \/ Yoga\"><\/a>\n\t\t\t\t<\/li>\n\t\t\t<\/ul>\n\t\t<\/li><li class=\"gallery-box hover-icons-off\"><img decoding=\"async\" width=\"285\" height=\"190\" src=\"https:\/\/plus.com.uy\/wp-content\/uploads\/2013\/04\/massage-therapist-285x190.jpg\" class=\"attachment-medicenter-gallery-thumb-type-2 size-medicenter-gallery-thumb-type-2\" alt=\"\" srcset=\"https:\/\/plus.com.uy\/wp-content\/uploads\/2013\/04\/massage-therapist-285x190.jpg 285w, https:\/\/plus.com.uy\/wp-content\/uploads\/2013\/04\/massage-therapist-300x200.jpg 300w, https:\/\/plus.com.uy\/wp-content\/uploads\/2013\/04\/massage-therapist-670x446.jpg 670w, https:\/\/plus.com.uy\/wp-content\/uploads\/2013\/04\/massage-therapist-600x400.jpg 600w, https:\/\/plus.com.uy\/wp-content\/uploads\/2013\/04\/massage-therapist-390x260.jpg 390w, https:\/\/plus.com.uy\/wp-content\/uploads\/2013\/04\/massage-therapist.jpg 700w\" sizes=\"(max-width: 285px) 100vw, 285px\" loading=\"eager\" \/><div class=\"description\"><h4>Masajista<\/h4><\/div><ul class=\"controls\">\n\t\t\t\t<li>\n\t\t\t\t\t<a target=\"_blank\" href=\"http:\/\/plus.mjgrafica.com\/?page_id=4300\" class=\"template-plus-2 fancybox-url open-url-lightbox\" rel=\"carousel\" title=\"Masajista\"><\/a>\n\t\t\t\t<\/li>\n\t\t\t<\/ul>\n\t\t<\/li><\/ul><h3 class=\"box-header animation-slide page-margin-top\">C\u00e1lculo del indice de masa corporal <\/h3>[vc_column_text]Compruebe si su peso es el apropiado para su edad, sexo, peso y altura.<\/p>\n<p>Existen muchos m\u00e9todos para identificar si se tiene exceso de peso, pero entre los m\u00e1s utilizados, est\u00e1 el llamado \u00edndice de Masa Corporal que es la relaci\u00f3n que existe entre la altura y el peso. El IMC se utiliza frecuentemente para identificar el sobrepeso y la obesidad, pues la forma de calcularlo no var\u00eda en funci\u00f3n del sexo ni de la edad en la poblaci\u00f3n adulta. Te invitamos a calcular el tuyo! Puedes calcularlo manualmente dividiendo el peso total por la estatura elevada al cuadrado: IMC = Peso (kg) \/ Estatura2 (m 2) \u00bfC\u00f3mo calcular el IMC? -Anota t\u00fa peso en Kg y t\u00fa estatura en metros. -Haz click en la casilla \u201ccalcule\u201d y aparecer\u00e1 t\u00fa IMC. -Una vez obtenido el resultado, se compara con la siguiente tabla de referencia.<\/p>\n<p><strong>Rellene con sus datos el siguiente cuadro:<\/strong>[\/vc_column_text][vc_raw_html]JTNDZGl2JTIwY2xhc3MlM0QlMjJ5ei13aWRnZXQlMjIlMjBkYXRhLWNhbGN1bGF0b3ItdHlwZSUzRCUyMmJtaSUyMiUyMGRhdGEtbGFuZ3VhZ2UlM0QlMjJlcyUyMiUyMGRhdGEtdW5pdC1zeXN0ZW0lM0QlMjJtZXRyaWMlMjIlMjBkYXRhLWJhY2tncm91bmQtY29sb3IlM0QlMjIlMjNFRUVFRUUlMjIlMjBkYXRhLXRleHQtY29sb3IlM0QlMjIlMjMyMTIxMjElMjIlMjBkYXRhLXByaW1hcnktY29sb3IlM0QlMjIlMjM0ODk1NjElMjIlMjBkYXRhLWFsdGVybmF0ZS1iYWNrZ3JvdW5kLWNvbG9yJTNEJTIyJTIzRkZGRkZGJTIyJTIwZGF0YS1hbHRlcm5hdGUtdGV4dC1jb2xvciUzRCUyMiUyM0ZGRkZGRiUyMiUyMGRhdGEtc2Vjb25kYXJ5LWNvbG9yJTNEJTIyJTIzNDg5NTYxJTIyJTNFJTNDc3BhbiUyMGNsYXNzJTNEJTIyeXotY29weXJpZ2h0JTIyJTNFUG93ZXJlZCUyMGJ5JTIwJTNDYSUyMGhyZWYlM0QlMjJodHRwcyUzQSUyRiUyRnd3dy55YXppby5jb20lMkZlcyUyRmNhbGN1bGFkb3JhLWltYyUyMiUzRVlBWklPJTNDJTJGYSUzRSUzQyUyRnNwYW4lM0UlM0MlMkZkaXYlM0UlMEElM0NzY3JpcHQlMjBzcmMlM0QlMjJodHRwcyUzQSUyRiUyRndpZGdldC55YXppby5jb20lMkZjYWxjdWxhdG9yLmpzJTIyJTIwYXN5bmMlM0UlM0MlMkZzY3JpcHQlM0U=[\/vc_raw_html][vc_separator][vc_column_text]*Importante:<br \/>\nDebe pesarse con la menor ropa posible, sin zapatos y antes de comer.<br \/>\nLa altura debe tomarse con la espalda totalmente recta y la planta de los pies perfectamente apoyada sobre el suelo.<\/p>\n<p>&nbsp;<\/p>\n<p><img decoding=\"async\" class=\"alignnone wp-image-4113\" src=\"http:\/\/plus.mjgrafica.com\/wp-content\/uploads\/2013\/04\/tabla.jpg\" alt=\"\" width=\"569\" height=\"339\" srcset=\"https:\/\/plus.com.uy\/wp-content\/uploads\/2013\/04\/tabla.jpg 923w, https:\/\/plus.com.uy\/wp-content\/uploads\/2013\/04\/tabla-300x179.jpg 300w, https:\/\/plus.com.uy\/wp-content\/uploads\/2013\/04\/tabla-768x458.jpg 768w\" sizes=\"(max-width: 569px) 100vw, 569px\" \/><\/p>\n<p>Por eso si te encuentras en sobrepeso u obesidad no lo dudes:<br \/>\n-Consulta con un especialista en Nutrici\u00f3n.<br \/>\n-Realiza un plan de alimentaci\u00f3n acorde a tu edad y estado de salud.<br \/>\n-Haz ejercicio f\u00edsico todos los d\u00edas.[\/vc_column_text][\/vc_column][\/vc_row][vc_row][vc_column][vc_single_image image=\u00bb4119&#8243; img_size=\u00bbfull\u00bb alignment=\u00bbcenter\u00bb][\/vc_column][\/vc_row]<\/p>\n","protected":false},"excerpt":{"rendered":"<p>[vc_row top_margin=\u00bbpage-margin-top\u00bb el_position=\u00bblast\u00bb][vc_column][vc_column_text]Un problema actual, es la lucha por una longevidad satisfactoria. Con el objetivo de asegurar una vida m\u00e1s sana y prolongada, PLUS desarrolla un compromiso firme con el concepto de calidad de vida para brindarle m\u00e1s a\u00f1os con vida a nuestros adultos mayores garantizando una vejez digna y feliz. Plus cuenta con un<\/p>\n","protected":false},"author":1,"featured_media":0,"parent":0,"menu_order":0,"comment_status":"open","ping_status":"closed","template":"","meta":{"footnotes":""},"class_list":["post-932","page","type-page","status-publish","hentry"],"_links":{"self":[{"href":"https:\/\/plus.com.uy\/index.php?rest_route=\/wp\/v2\/pages\/932","targetHints":{"allow":["GET"]}}],"collection":[{"href":"https:\/\/plus.com.uy\/index.php?rest_route=\/wp\/v2\/pages"}],"about":[{"href":"https:\/\/plus.com.uy\/index.php?rest_route=\/wp\/v2\/types\/page"}],"author":[{"embeddable":true,"href":"https:\/\/plus.com.uy\/index.php?rest_route=\/wp\/v2\/users\/1"}],"replies":[{"embeddable":true,"href":"https:\/\/plus.com.uy\/index.php?rest_route=%2Fwp%2Fv2%2Fcomments&post=932"}],"version-history":[{"count":0,"href":"https:\/\/plus.com.uy\/index.php?rest_route=\/wp\/v2\/pages\/932\/revisions"}],"wp:attachment":[{"href":"https:\/\/plus.com.uy\/index.php?rest_route=%2Fwp%2Fv2%2Fmedia&parent=932"}],"curies":[{"name":"wp","href":"https:\/\/api.w.org\/{rel}","templated":true}]}}